{"id":3175,"date":"2021-02-11T22:10:50","date_gmt":"2021-02-11T22:10:50","guid":{"rendered":"https:\/\/www.xuq.es\/grupo_de_alojamiento_turistico\/?page_id=3175"},"modified":"2021-02-11T22:46:20","modified_gmt":"2021-02-11T22:46:20","slug":"reserva-natural-de-la-biosfera-valle-del-cabriel","status":"publish","type":"page","link":"https:\/\/www.xuq.es\/grupo_de_alojamiento_turistico\/reserva-natural-de-la-biosfera-valle-del-cabriel\/","title":{"rendered":"RESERVA NATURAL DE LA BIOSFERA VALLE DEL CABRIEL"},"content":{"rendered":"<div class=\"slider-wrapper relative\" id=\"slider-603622126\" >\n    <div class=\"slider slider-nav-circle slider-nav-large slider-nav-light slider-style-normal\"\n        data-flickity-options='{\n            \"cellAlign\": \"center\",\n            \"imagesLoaded\": true,\n            \"lazyLoad\": 1,\n            \"freeScroll\": false,\n            \"wrapAround\": true,\n            \"autoPlay\": 6000,\n            \"pauseAutoPlayOnHover\" : true,\n            \"prevNextButtons\": true,\n            \"contain\" : true,\n            \"adaptiveHeight\" : true,\n            \"dragThreshold\" : 10,\n            \"percentPosition\": true,\n            \"pageDots\": false,\n            \"rightToLeft\": false,\n            \"draggable\": true,\n            \"selectedAttraction\": 0.1,\n            \"parallax\" : 0,\n            \"friction\": 0.6        }'\n        >\n        \n\n  <div class=\"banner has-hover has-slide-effect slide-zoom-in has-parallax\" id=\"banner-619030732\">\n          <div class=\"banner-inner fill\">\n        <div class=\"banner-bg fill\" data-parallax=\"-3\" data-parallax-container=\".banner\" data-parallax-background>\n            <img loading=\"lazy\" decoding=\"async\" width=\"1450\" height=\"964\" src=\"https:\/\/www.xuq.es\/grupo_de_alojamiento_turistico\/wp-content\/uploads\/2021\/02\/499.jpg\" class=\"bg\" alt=\"\" srcset=\"https:\/\/www.xuq.es\/grupo_de_alojamiento_turistico\/wp-content\/uploads\/2021\/02\/499.jpg 1450w, https:\/\/www.xuq.es\/grupo_de_alojamiento_turistico\/wp-content\/uploads\/2021\/02\/499-300x199.jpg 300w, https:\/\/www.xuq.es\/grupo_de_alojamiento_turistico\/wp-content\/uploads\/2021\/02\/499-1024x681.jpg 1024w, https:\/\/www.xuq.es\/grupo_de_alojamiento_turistico\/wp-content\/uploads\/2021\/02\/499-768x511.jpg 768w, https:\/\/www.xuq.es\/grupo_de_alojamiento_turistico\/wp-content\/uploads\/2021\/02\/499-247x164.jpg 247w, https:\/\/www.xuq.es\/grupo_de_alojamiento_turistico\/wp-content\/uploads\/2021\/02\/499-510x339.jpg 510w\" sizes=\"auto, (max-width: 1450px) 100vw, 1450px\" \/>                                    \n                    <\/div>\n\t\t\n        <div class=\"banner-layers container\">\n            <div class=\"fill banner-link\"><\/div>            \n   <div id=\"text-box-1222890592\" class=\"text-box banner-layer x50 md-x50 lg-x50 y65 md-y65 lg-y65 res-text\">\n                     <div data-animate=\"bounceIn\">           <div class=\"text-box-content text dark text-shadow-5\">\n              \n              <div class=\"text-inner text-center\">\n                  \n<h2 style=\"text-align: center;\">PARAJES NATURALES<\/h2>\n              <\/div>\n           <\/div>\n       <\/div>                     \n<style>\n#text-box-1222890592 {\n  width: 100%;\n}\n#text-box-1222890592 .text-box-content {\n  font-size: 137%;\n}\n@media (min-width:550px) {\n  #text-box-1222890592 {\n    width: 80%;\n  }\n  #text-box-1222890592 .text-box-content {\n    font-size: 110%;\n  }\n}\n<\/style>\n    <\/div>\n \n        <\/div>\n      <\/div>\n\n            \n<style>\n#banner-619030732 {\n  padding-top: 580px;\n  background-color: rgb(0,0,0);\n}\n#banner-619030732 .overlay {\n  background-color: rgba(0, 0, 0, 0.3);\n}\n#banner-619030732 .banner-bg img {\n  object-position: 50% 0%;\n}\n<\/style>\n  <\/div>\n\n\n     <\/div>\n\n     <div class=\"loading-spin dark large centered\"><\/div>\n\n\t<\/div>\n\n\n\n\t<section class=\"section dark\" id=\"section_1898297277\">\n\t\t<div class=\"section-bg fill\" >\n\t\t\t\t\t\t\t\t\t\n\t\t\t\n\n\t\t<\/div>\n\n\t\t\n\n\t\t<div class=\"section-content relative\">\n\t\t\t\n<div class=\"row\"  id=\"row-887683379\">\n\n\t<div id=\"col-971105826\" class=\"col small-12 large-12\"  >\n\t\t\t\t<div class=\"col-inner\"  >\n\t\t\t\n\t\t\t\n\t<div id=\"gap-88808772\" class=\"gap-element clearfix\" style=\"display:block; height:auto;\">\n\t\t\n<style>\n#gap-88808772 {\n  padding-top: 30px;\n}\n<\/style>\n\t<\/div>\n\t\n<h1 style=\"text-align: center;\"><span style=\"font-size: 160%;\">RESERVA NATURAL DE LA BIOSFERA VALLE DEL CABRIEL<br \/><\/span><\/h1>\n<h3 style=\"text-align: center;\">El Valle del Cabriel se sit\u00faa este de las provincias de Albacete y Cuenca, en las comarcas de La Manchuela, Serran\u00eda Alta y Media. Se trata de un extenso territorio formado principalmente por el r\u00edo Cabriel y sus afluentes, a lo largo de un recorrido de casi 200 km. Las laderas meridionales de estas elevaciones, pertenecientes al territorio conquense, caen bruscamente en la provincia de Albacete formando una gran llanura aprovechada para el cultivo agr\u00edcola, originando el r\u00edo un gran ca\u00f1\u00f3n con varias hoces, entre las que destacan las Hoces del Cabriel.<\/h3>\n\t\t<\/div>\n\t\t\t\t\t<\/div>\n\n\t\n<\/div>\n\t\t<\/div>\n\n\t\t\n<style>\n#section_1898297277 {\n  padding-top: 30px;\n  padding-bottom: 30px;\n  background-color: rgb(0,0,0);\n}\n<\/style>\n\t<\/section>\n\t\n\t<div id=\"gap-1988190366\" class=\"gap-element clearfix\" style=\"display:block; height:auto;\">\n\t\t\n<style>\n#gap-1988190366 {\n  padding-top: 48px;\n}\n<\/style>\n\t<\/div>\n\t\n\n\t<section class=\"section\" id=\"section_1800448162\">\n\t\t<div class=\"section-bg fill\" >\n\t\t\t\t\t\t\t\t\t\n\t\t\t\n\n\t\t<\/div>\n\n\t\t\n\n\t\t<div class=\"section-content relative\">\n\t\t\t\n<div class=\"row\"  id=\"row-1469727960\">\n\n\t<div id=\"col-1924113019\" class=\"col small-12 large-12\"  >\n\t\t\t\t<div class=\"col-inner\"  >\n\t\t\t\n\t\t\t\n\t<div id=\"gap-1478299049\" class=\"gap-element clearfix show-for-small\" style=\"display:block; height:auto;\">\n\t\t\n<style>\n#gap-1478299049 {\n  padding-top: 0px;\n}\n@media (min-width:550px) {\n  #gap-1478299049 {\n    padding-top: 58px;\n  }\n}\n<\/style>\n\t<\/div>\n\t\n<h3 style=\"text-align: center;\">Destacan los afloramientos del Keuper, formados por arcillas y yesos. La formaci\u00f3n salina del Keuper es muy interesante ya que es la responsable de la presencia de los manantiales salinos que aparecen principalmente al sur de este espacio protegido. El r\u00edo Cabriel, afluente del r\u00edo J\u00facar, es uno de los r\u00edos mejor conservados, sus aguas est\u00e1n consideradas entre las mejores en calidad de Europa. Discurre encajonado entre escarpadas hoces y ca\u00f1ones de belleza singular, por ello, constituye la ruta ideal para los amantes de la naturaleza. Recomendamos que para disfrutar de toda la belleza de esta zona el recorrido se haga a pie o en bicicleta. Rodeado de bosques y parajes totalmente v\u00edrgenes de notable inter\u00e9s ecol\u00f3gico, sus nacimientos de aguas termales fueron, al parecer, origen de asentamientos primitivos, as\u00ed lo demuestran los restos de pinturas rupestres de sus m\u00e1rgenes.<\/h3>\n\t<div id=\"gap-1471837070\" class=\"gap-element clearfix\" style=\"display:block; height:auto;\">\n\t\t\n<style>\n#gap-1471837070 {\n  padding-top: 9px;\n}\n<\/style>\n\t<\/div>\n\t\n\t\t<\/div>\n\t\t\t\t\n<style>\n#col-1924113019 > .col-inner {\n  margin: 0px 0px -38px 0px;\n}\n<\/style>\n\t<\/div>\n\n\t\n<\/div>\n\t\t<\/div>\n\n\t\t\n<style>\n#section_1800448162 {\n  padding-top: 0px;\n  padding-bottom: 0px;\n}\n<\/style>\n\t<\/section>\n\t\n<div class=\"row row-small\"  id=\"row-957717371\">\n\n\t<div id=\"col-962918339\" class=\"col small-12 large-12\"  >\n\t\t\t\t<div class=\"col-inner\"  >\n\t\t\t\n\t\t\t\n\t<div class=\"box has-hover   has-hover box-bounce box-text-bottom\" >\n\n\t\t<div class=\"box-image\" >\n\t\t\t\t\t\t<div class=\"image-cover\" style=\"padding-top:300px;\">\n\t\t\t\t<img loading=\"lazy\" decoding=\"async\" width=\"1200\" height=\"676\" src=\"https:\/\/www.xuq.es\/grupo_de_alojamiento_turistico\/wp-content\/uploads\/2021\/02\/REREWW-1.jpg\" class=\"attachment-original size-original\" alt=\"\" srcset=\"https:\/\/www.xuq.es\/grupo_de_alojamiento_turistico\/wp-content\/uploads\/2021\/02\/REREWW-1.jpg 1200w, https:\/\/www.xuq.es\/grupo_de_alojamiento_turistico\/wp-content\/uploads\/2021\/02\/REREWW-1-300x169.jpg 300w, https:\/\/www.xuq.es\/grupo_de_alojamiento_turistico\/wp-content\/uploads\/2021\/02\/REREWW-1-1024x577.jpg 1024w, https:\/\/www.xuq.es\/grupo_de_alojamiento_turistico\/wp-content\/uploads\/2021\/02\/REREWW-1-768x433.jpg 768w, https:\/\/www.xuq.es\/grupo_de_alojamiento_turistico\/wp-content\/uploads\/2021\/02\/REREWW-1-247x139.jpg 247w, https:\/\/www.xuq.es\/grupo_de_alojamiento_turistico\/wp-content\/uploads\/2021\/02\/REREWW-1-510x287.jpg 510w\" sizes=\"auto, (max-width: 1200px) 100vw, 1200px\" \/>\t\t\t\t\t\t\t\t\t\t\t<\/div>\n\t\t\t\t\t<\/div>\n\n\t\t<div class=\"box-text text-center dark\" style=\"background-color:rgb(0, 0, 0);\">\n\t\t\t<div class=\"box-text-inner\">\n\t\t\t\t\n<h1 style=\"text-align: center;\">RESERVA NATURAL DE LA BIOSFERA VALLE DEL CABRIEL<\/h1>\n\t\t\t<\/div>\n\t\t<\/div>\n\t<\/div>\n\t\n\t\t<\/div>\n\t\t\t\t\t<\/div>\n\n\t\n<\/div>\n\n\t<section class=\"section\" id=\"section_1917703663\">\n\t\t<div class=\"section-bg fill\" >\n\t\t\t\t\t\t\t\t\t\n\t\t\t\n\n\t\t<\/div>\n\n\t\t\n\n\t\t<div class=\"section-content relative\">\n\t\t\t\n\t<div id=\"gap-231843218\" class=\"gap-element clearfix\" style=\"display:block; height:auto;\">\n\t\t\n<style>\n#gap-231843218 {\n  padding-top: 21px;\n}\n<\/style>\n\t<\/div>\n\t\n<div class=\"row\"  id=\"row-253068016\">\n\n\t<div id=\"col-373722593\" class=\"col small-12 large-12\"  >\n\t\t\t\t<div class=\"col-inner\"  >\n\t\t\t\n\t\t\t\n\t<div id=\"gap-36897516\" class=\"gap-element clearfix show-for-small\" style=\"display:block; height:auto;\">\n\t\t\n<style>\n#gap-36897516 {\n  padding-top: 0px;\n}\n@media (min-width:550px) {\n  #gap-36897516 {\n    padding-top: 58px;\n  }\n}\n<\/style>\n\t<\/div>\n\t\n<h3 style=\"text-align: center;\">Desde oeste a este, partiendo desde Los C\u00e1rceles, pasando por los parajes de Tamayo, La Terrera, El Retorno hasta Casas del R\u00edo constituyen una sucesiva cadena de zonas de recreo donde disfrutar del paisaje y darse un buen ba\u00f1o en las aguas m\u00e1s limpias de Europa.<\/h3>\n<h3 style=\"text-align: center;\">A nivel faun\u00edstico, las Hoces del Cabriel, Guadaza\u00f3n y Ojos de Moya destacan por el gran n\u00famero de especies que acogen, algunas de ellas de inter\u00e9s comunitario o catalogadas en peligro de extinci\u00f3n o vulnerables. Las rapaces tienen gran relevancia en el espacio, tanto rup\u00edcolas como forestales, con importantes poblaciones de \u00e1guila-azor perdicera, \u00e1guila culebrera, \u00e1guila real, aguililla calzada, azor, halc\u00f3n peregrino, b\u00faho real y en menor medida alimoche y buitre leonado. Tambi\u00e9n son abundantes la chova piquirroja y otras peque\u00f1as aves asociadas a los cantiles, como vencejo real, roquero solitario y rojo, colirrojo tiz\u00f3n, etc. El r\u00edo Cabriel y sus principales afluentes albergan adem\u00e1s aves ligadas al medio acu\u00e1tico como el mart\u00edn pescador, mirlo acu\u00e1tico, lavandera cascade\u00f1a o lavandera blanca. En cuanto a los mam\u00edferos, la cuenca del r\u00edo Cabriel alberga las mejores poblaciones de nutria de toda la provincia, especie prioritaria de inter\u00e9s comunitario. Destacan adem\u00e1s las poblaciones de carn\u00edvoros como gato mont\u00e9s, gardu\u00f1a, tej\u00f3n o tur\u00f3n y roedores como el end\u00e9mico topillo de Cabrera.<\/h3>\n\t\t<\/div>\n\t\t\t\t\n<style>\n#col-373722593 > .col-inner {\n  margin: 0px 0px -38px 0px;\n}\n<\/style>\n\t<\/div>\n\n\t\n<\/div>\n\t<div id=\"gap-502019020\" class=\"gap-element clearfix\" style=\"display:block; height:auto;\">\n\t\t\n<style>\n#gap-502019020 {\n  padding-top: 52px;\n}\n<\/style>\n\t<\/div>\n\t\n\t\t<\/div>\n\n\t\t\n<style>\n#section_1917703663 {\n  padding-top: 0px;\n  padding-bottom: 0px;\n}\n<\/style>\n\t<\/section>\n\t\n  <div class=\"banner-grid-wrapper\">\n  <div id=\"banner-grid-1735541728\" class=\"banner-grid row row-grid row-small row-box-shadow-3\" data-packery-options=\"\">\n                      \n<div class=\"col grid-col large-6 grid-col-1\" ><div class=\"col-inner\">\n\t<div class=\"img has-hover x md-x lg-x y md-y lg-y\" id=\"image_370140326\">\n\t\t<a class=\"image-lightbox lightbox-gallery\" title=\"\" href=\"https:\/\/www.xuq.es\/grupo_de_alojamiento_turistico\/wp-content\/uploads\/2021\/02\/642-1024x768.jpg\">\t\t\t\t\t\t<div class=\"img-inner dark\" >\n\t\t\t<img loading=\"lazy\" decoding=\"async\" width=\"1200\" height=\"900\" src=\"https:\/\/www.xuq.es\/grupo_de_alojamiento_turistico\/wp-content\/uploads\/2021\/02\/642.jpg\" class=\"attachment-original size-original\" alt=\"\" srcset=\"https:\/\/www.xuq.es\/grupo_de_alojamiento_turistico\/wp-content\/uploads\/2021\/02\/642.jpg 1200w, https:\/\/www.xuq.es\/grupo_de_alojamiento_turistico\/wp-content\/uploads\/2021\/02\/642-300x225.jpg 300w, https:\/\/www.xuq.es\/grupo_de_alojamiento_turistico\/wp-content\/uploads\/2021\/02\/642-1024x768.jpg 1024w, https:\/\/www.xuq.es\/grupo_de_alojamiento_turistico\/wp-content\/uploads\/2021\/02\/642-768x576.jpg 768w, https:\/\/www.xuq.es\/grupo_de_alojamiento_turistico\/wp-content\/uploads\/2021\/02\/642-247x185.jpg 247w, https:\/\/www.xuq.es\/grupo_de_alojamiento_turistico\/wp-content\/uploads\/2021\/02\/642-510x383.jpg 510w\" sizes=\"auto, (max-width: 1200px) 100vw, 1200px\" \/>\t\t\t\t\t\t\n\t\t\t\t\t<\/div>\n\t\t\t\t\t\t<\/a>\t\t\n<style>\n#image_370140326 {\n  width: 100%;\n}\n<\/style>\n\t<\/div>\n\t\n<\/div><\/div>\n<div class=\"col grid-col large-3 grid-col-1\" ><div class=\"col-inner\">\n\t<div class=\"img has-hover x md-x lg-x y md-y lg-y\" id=\"image_444982740\">\n\t\t<a class=\"image-lightbox lightbox-gallery\" title=\"\" href=\"https:\/\/www.xuq.es\/grupo_de_alojamiento_turistico\/wp-content\/uploads\/2021\/02\/3542-1024x632.jpg\">\t\t\t\t\t\t<div class=\"img-inner dark\" >\n\t\t\t<img loading=\"lazy\" decoding=\"async\" width=\"1248\" height=\"770\" src=\"https:\/\/www.xuq.es\/grupo_de_alojamiento_turistico\/wp-content\/uploads\/2021\/02\/3542.jpg\" class=\"attachment-original size-original\" alt=\"\" srcset=\"https:\/\/www.xuq.es\/grupo_de_alojamiento_turistico\/wp-content\/uploads\/2021\/02\/3542.jpg 1248w, https:\/\/www.xuq.es\/grupo_de_alojamiento_turistico\/wp-content\/uploads\/2021\/02\/3542-300x185.jpg 300w, https:\/\/www.xuq.es\/grupo_de_alojamiento_turistico\/wp-content\/uploads\/2021\/02\/3542-1024x632.jpg 1024w, https:\/\/www.xuq.es\/grupo_de_alojamiento_turistico\/wp-content\/uploads\/2021\/02\/3542-768x474.jpg 768w, https:\/\/www.xuq.es\/grupo_de_alojamiento_turistico\/wp-content\/uploads\/2021\/02\/3542-247x152.jpg 247w, https:\/\/www.xuq.es\/grupo_de_alojamiento_turistico\/wp-content\/uploads\/2021\/02\/3542-510x315.jpg 510w\" sizes=\"auto, (max-width: 1248px) 100vw, 1248px\" \/>\t\t\t\t\t\t\n\t\t\t\t\t<\/div>\n\t\t\t\t\t\t<\/a>\t\t\n<style>\n#image_444982740 {\n  width: 100%;\n}\n<\/style>\n\t<\/div>\n\t\n<\/div><\/div>\n<div class=\"col grid-col large-3 grid-col-1-2\" ><div class=\"col-inner\">\n\t<div class=\"img has-hover x md-x lg-x y md-y lg-y\" id=\"image_1539605299\">\n\t\t<a class=\"image-lightbox lightbox-gallery\" title=\"\" href=\"https:\/\/www.xuq.es\/grupo_de_alojamiento_turistico\/wp-content\/uploads\/2021\/02\/452343-1024x576.jpg\">\t\t\t\t\t\t<div class=\"img-inner dark\" >\n\t\t\t<img loading=\"lazy\" decoding=\"async\" width=\"1300\" height=\"731\" src=\"https:\/\/www.xuq.es\/grupo_de_alojamiento_turistico\/wp-content\/uploads\/2021\/02\/452343.jpg\" class=\"attachment-original size-original\" alt=\"\" srcset=\"https:\/\/www.xuq.es\/grupo_de_alojamiento_turistico\/wp-content\/uploads\/2021\/02\/452343.jpg 1300w, https:\/\/www.xuq.es\/grupo_de_alojamiento_turistico\/wp-content\/uploads\/2021\/02\/452343-300x169.jpg 300w, https:\/\/www.xuq.es\/grupo_de_alojamiento_turistico\/wp-content\/uploads\/2021\/02\/452343-1024x576.jpg 1024w, https:\/\/www.xuq.es\/grupo_de_alojamiento_turistico\/wp-content\/uploads\/2021\/02\/452343-768x432.jpg 768w, https:\/\/www.xuq.es\/grupo_de_alojamiento_turistico\/wp-content\/uploads\/2021\/02\/452343-247x139.jpg 247w, https:\/\/www.xuq.es\/grupo_de_alojamiento_turistico\/wp-content\/uploads\/2021\/02\/452343-510x287.jpg 510w\" sizes=\"auto, (max-width: 1300px) 100vw, 1300px\" \/>\t\t\t\t\t\t\n\t\t\t\t\t<\/div>\n\t\t\t\t\t\t<\/a>\t\t\n<style>\n#image_1539605299 {\n  width: 100%;\n}\n<\/style>\n\t<\/div>\n\t\n<\/div><\/div>\n<div class=\"col grid-col large-3 grid-col-1-2\" ><div class=\"col-inner\">\n\t<div class=\"img has-hover x md-x lg-x y md-y lg-y\" id=\"image_963812074\">\n\t\t<a class=\"image-lightbox lightbox-gallery\" title=\"\" href=\"https:\/\/www.xuq.es\/grupo_de_alojamiento_turistico\/wp-content\/uploads\/2021\/02\/77544-1024x576.jpg\">\t\t\t\t\t\t<div class=\"img-inner dark\" >\n\t\t\t<img loading=\"lazy\" decoding=\"async\" width=\"1200\" height=\"675\" src=\"https:\/\/www.xuq.es\/grupo_de_alojamiento_turistico\/wp-content\/uploads\/2021\/02\/77544.jpg\" class=\"attachment-original size-original\" alt=\"\" srcset=\"https:\/\/www.xuq.es\/grupo_de_alojamiento_turistico\/wp-content\/uploads\/2021\/02\/77544.jpg 1200w, https:\/\/www.xuq.es\/grupo_de_alojamiento_turistico\/wp-content\/uploads\/2021\/02\/77544-300x169.jpg 300w, https:\/\/www.xuq.es\/grupo_de_alojamiento_turistico\/wp-content\/uploads\/2021\/02\/77544-1024x576.jpg 1024w, https:\/\/www.xuq.es\/grupo_de_alojamiento_turistico\/wp-content\/uploads\/2021\/02\/77544-768x432.jpg 768w, https:\/\/www.xuq.es\/grupo_de_alojamiento_turistico\/wp-content\/uploads\/2021\/02\/77544-247x139.jpg 247w, https:\/\/www.xuq.es\/grupo_de_alojamiento_turistico\/wp-content\/uploads\/2021\/02\/77544-510x287.jpg 510w\" sizes=\"auto, (max-width: 1200px) 100vw, 1200px\" \/>\t\t\t\t\t\t\n\t\t\t\t\t<\/div>\n\t\t\t\t\t\t<\/a>\t\t\n<style>\n#image_963812074 {\n  width: 100%;\n}\n<\/style>\n\t<\/div>\n\t\n<\/div><\/div>\n            <\/div>\n    <style>\n    #banner-grid-1735541728 .grid-col-1{height: 600px}\n    #banner-grid-1735541728 .grid-col-1-2{height: 300px}\n    #banner-grid-1735541728 .grid-col-1-3{height:200px}\n    #banner-grid-1735541728 .grid-col-2-3{height: 400px}\n    #banner-grid-1735541728 .grid-col-1-4{height: 150px}\n    #banner-grid-1735541728 .grid-col-3-4{height: 450px}\n\n\n    \n    \n\n  <\/style>\n    <\/div>\n  \n\n\t<section class=\"section\" id=\"section_847992848\">\n\t\t<div class=\"section-bg fill\" >\n\t\t\t\t\t\t\t\t\t\n\t\t\t\n\t<div class=\"is-border\"\n\t\tstyle=\"border-width:0px 0px 0px 0px;margin:0px 0px 0px 0px;\">\n\t<\/div>\n\n\t\t<\/div>\n\n\t\t\n\n\t\t<div class=\"section-content relative\">\n\t\t\t\n<div class=\"row\"  id=\"row-12903635\">\n\n\t<div id=\"col-104376341\" class=\"col small-12 large-12\"  >\n\t\t\t\t<div class=\"col-inner text-center\"  >\n\t\t\t\n\t\t\t\n<p>PUEBLOS RECOMENDADOS POR DESCUBRIR EN LA PROVINCIA DESDE XUQ LOMAS DE RUVIRA:<\/p>\n\t\t<\/div>\n\t\t\t\t\n<style>\n#col-104376341 > .col-inner {\n  margin: 0px 0px -24px 0px;\n}\n<\/style>\n\t<\/div>\n\n\t\n\n<style>\n#row-12903635 > .col > .col-inner {\n  padding: 0px 0px 0px 0px;\n}\n<\/style>\n<\/div>\n<div class=\"row\"  id=\"row-456795691\">\n\n\t<div id=\"col-106810092\" class=\"col medium-4 small-12 large-4\"  >\n\t\t\t\t<div class=\"col-inner\"  >\n\t\t\t\n\t\t\t\n<ul>\n<li><span style=\"font-size: 85%;\">TARAZONA DE LA MANCHA<img loading=\"lazy\" decoding=\"async\" class=\"alignnonewp-image-2213\" src=\"https:\/\/www.publiciti.es\/grupo_de_alojamiento_turistico\/wp-content\/uploads\/2021\/02\/552.png\" alt=\"\" width=\"18\" height=\"15\" \/> 42KM<\/span><\/li>\n<li><span style=\"font-size: 85%;\">VILLALGORDO DEL J\u00daCAR <img loading=\"lazy\" decoding=\"async\" class=\"alignnonewp-image-2213\" src=\"https:\/\/www.publiciti.es\/grupo_de_alojamiento_turistico\/wp-content\/uploads\/2021\/02\/552.png\" alt=\"\" width=\"18\" height=\"15\" \/> 56KM<\/span><\/li>\n<li><span style=\"font-size: 85%;\">ALMANSA <img loading=\"lazy\" decoding=\"async\" class=\"alignnonewp-image-2213\" src=\"https:\/\/www.publiciti.es\/grupo_de_alojamiento_turistico\/wp-content\/uploads\/2021\/02\/552.png\" alt=\"\" width=\"18\" height=\"15\" \/> 72KM<\/span><\/li>\n<li><span style=\"font-size: 85%;\">ALARC\u00d3N <span style=\"font-size: 75%;\">(Manchuela Conquense)<\/span> <img loading=\"lazy\" decoding=\"async\" class=\"alignnonewp-image-2213\" src=\"https:\/\/www.publiciti.es\/grupo_de_alojamiento_turistico\/wp-content\/uploads\/2021\/02\/552.png\" alt=\"\" width=\"18\" height=\"15\" \/> 95KM<br \/>\n<\/span><\/li>\n<li><span style=\"font-size: 85%;\">LI\u00c9TOR <img loading=\"lazy\" decoding=\"async\" class=\"alignnonewp-image-2213\" src=\"https:\/\/www.publiciti.es\/grupo_de_alojamiento_turistico\/wp-content\/uploads\/2021\/02\/552.png\" alt=\"\" width=\"18\" height=\"15\" \/> 95KM<\/span><\/li>\n<\/ul>\n\t\t<\/div>\n\t\t\t\t\n<style>\n#col-106810092 > .col-inner {\n  margin: 0px 0px -24px 0px;\n}\n<\/style>\n\t<\/div>\n\n\t\n\n\t<div id=\"col-127323628\" class=\"col medium-4 small-12 large-4\"  >\n\t\t\t\t<div class=\"col-inner\"  >\n\t\t\t\n\t\t\t\n<ul>\n<li><span style=\"font-size: 85%;\">AYNA <img loading=\"lazy\" decoding=\"async\" class=\"alignnonewp-image-2213\" src=\"https:\/\/www.publiciti.es\/grupo_de_alojamiento_turistico\/wp-content\/uploads\/2021\/02\/552.png\" alt=\"\" width=\"18\" height=\"15\" \/> 103KM<\/span><\/li>\n<li><span style=\"font-size: 85%;\">ALCARAZ <img loading=\"lazy\" decoding=\"async\" class=\"alignnonewp-image-2213\" src=\"https:\/\/www.publiciti.es\/grupo_de_alojamiento_turistico\/wp-content\/uploads\/2021\/02\/552.png\" alt=\"\" width=\"18\" height=\"15\" \/> 120KM<\/span><\/li>\n<li><span style=\"font-size: 85%;\">BOGARRA <img loading=\"lazy\" decoding=\"async\" class=\"alignnonewp-image-2213\" src=\"https:\/\/www.publiciti.es\/grupo_de_alojamiento_turistico\/wp-content\/uploads\/2021\/02\/552.png\" alt=\"\" width=\"18\" height=\"15\" \/> 121KM<\/span><\/li>\n<li><span style=\"font-size: 85%;\">PATERNA DEL MADERA <img loading=\"lazy\" decoding=\"async\" class=\"alignnonewp-image-2213\" src=\"https:\/\/www.publiciti.es\/grupo_de_alojamiento_turistico\/wp-content\/uploads\/2021\/02\/552.png\" alt=\"\" width=\"18\" height=\"15\" \/> 124KM<\/span><\/li>\n<li><span style=\"font-size: 85%;\">ELCHE DE LA SIERRA <img loading=\"lazy\" decoding=\"async\" class=\"alignnonewp-image-2213\" src=\"https:\/\/www.publiciti.es\/grupo_de_alojamiento_turistico\/wp-content\/uploads\/2021\/02\/552.png\" alt=\"\" width=\"18\" height=\"15\" \/> 124KM<\/span><\/li>\n<\/ul>\n\t\t<\/div>\n\t\t\t\t\n<style>\n#col-127323628 > .col-inner {\n  margin: 0px 0px -24px 0px;\n}\n<\/style>\n\t<\/div>\n\n\t\n\n\t<div id=\"col-411821315\" class=\"col medium-3 small-12 large-3\"  >\n\t\t\t\t<div class=\"col-inner\"  >\n\t\t\t\n\t\t\t\n<ul>\n<li><span style=\"font-size: 85%;\">LETUR <img loading=\"lazy\" decoding=\"async\" class=\"alignnonewp-image-2213\" src=\"https:\/\/www.publiciti.es\/grupo_de_alojamiento_turistico\/wp-content\/uploads\/2021\/02\/552.png\" alt=\"\" width=\"18\" height=\"15\" \/> 140KM<\/span><\/li>\n<li><span style=\"font-size: 85%;\">RI\u00d3PAR <img loading=\"lazy\" decoding=\"async\" class=\"alignnonewp-image-2213\" src=\"https:\/\/www.publiciti.es\/grupo_de_alojamiento_turistico\/wp-content\/uploads\/2021\/02\/552.png\" alt=\"\" width=\"18\" height=\"15\" \/> 161KM<\/span><\/li>\n<li><span style=\"font-size: 85%;\">YESTE <img loading=\"lazy\" decoding=\"async\" class=\"alignnonewp-image-2213\" src=\"https:\/\/www.publiciti.es\/grupo_de_alojamiento_turistico\/wp-content\/uploads\/2021\/02\/552.png\" alt=\"\" width=\"18\" height=\"15\" \/> 166KM<\/span><\/li>\n<li><span style=\"font-size: 85%;\">NERPIO <img loading=\"lazy\" decoding=\"async\" class=\"alignnonewp-image-2213\" src=\"https:\/\/www.publiciti.es\/grupo_de_alojamiento_turistico\/wp-content\/uploads\/2021\/02\/552.png\" alt=\"\" width=\"18\" height=\"15\" \/> 232KM<\/span><\/li>\n<\/ul>\n\t\t<\/div>\n\t\t\t\t\n<style>\n#col-411821315 > .col-inner {\n  margin: 0px 0px -24px 0px;\n}\n<\/style>\n\t<\/div>\n\n\t\n\n<style>\n#row-456795691 > .col > .col-inner {\n  padding: 0px 0px 0px 0px;\n}\n<\/style>\n<\/div>\n\t\t<\/div>\n\n\t\t\n<style>\n#section_847992848 {\n  padding-top: 30px;\n  padding-bottom: 30px;\n  background-color: rgb(255,255,255);\n}\n<\/style>\n\t<\/section>\n\t\n<div class=\"row align-center\"  id=\"row-1785244757\">\n\n\t<div id=\"col-1871057690\" class=\"col small-12 large-12\"  >\n\t\t\t\t<div class=\"col-inner text-center\"  >\n\t\t\t\n\t\t\t\n<a data-animate=\"fadeInLeft\" href=\"https:\/\/www.xuq.es\/grupo_de_alojamiento_turistico\/entorno\/\" class=\"button primary is-gloss\"  >\n\t<i class=\"icon-angle-left\" aria-hidden=\"true\" ><\/i>\t<span>VOLVER A ENTORNO<\/span>\n\t<\/a>\n\n\t\t<\/div>\n\t\t\t\t\t<\/div>\n\n\t\n<\/div>\n","protected":false},"excerpt":{"rendered":"","protected":false},"author":3,"featured_media":0,"parent":0,"menu_order":0,"comment_status":"closed","ping_status":"closed","template":"page-transparent-header-light.php","meta":{"footnotes":""},"class_list":["post-3175","page","type-page","status-publish","hentry"],"_links":{"self":[{"href":"https:\/\/www.xuq.es\/grupo_de_alojamiento_turistico\/wp-json\/wp\/v2\/pages\/3175","targetHints":{"allow":["GET"]}}],"collection":[{"href":"https:\/\/www.xuq.es\/grupo_de_alojamiento_turistico\/wp-json\/wp\/v2\/pages"}],"about":[{"href":"https:\/\/www.xuq.es\/grupo_de_alojamiento_turistico\/wp-json\/wp\/v2\/types\/page"}],"author":[{"embeddable":true,"href":"https:\/\/www.xuq.es\/grupo_de_alojamiento_turistico\/wp-json\/wp\/v2\/users\/3"}],"replies":[{"embeddable":true,"href":"https:\/\/www.xuq.es\/grupo_de_alojamiento_turistico\/wp-json\/wp\/v2\/comments?post=3175"}],"version-history":[{"count":3,"href":"https:\/\/www.xuq.es\/grupo_de_alojamiento_turistico\/wp-json\/wp\/v2\/pages\/3175\/revisions"}],"predecessor-version":[{"id":3198,"href":"https:\/\/www.xuq.es\/grupo_de_alojamiento_turistico\/wp-json\/wp\/v2\/pages\/3175\/revisions\/3198"}],"wp:attachment":[{"href":"https:\/\/www.xuq.es\/grupo_de_alojamiento_turistico\/wp-json\/wp\/v2\/media?parent=3175"}],"curies":[{"name":"wp","href":"https:\/\/api.w.org\/{rel}","templated":true}]}}