{"id":3171,"date":"2021-02-11T22:07:47","date_gmt":"2021-02-11T22:07:47","guid":{"rendered":"https:\/\/www.xuq.es\/grupo_de_alojamiento_turistico\/?page_id=3171"},"modified":"2021-02-11T22:31:59","modified_gmt":"2021-02-11T22:31:59","slug":"hoces-de-rio-jucar","status":"publish","type":"page","link":"https:\/\/www.xuq.es\/grupo_de_alojamiento_turistico\/hoces-de-rio-jucar\/","title":{"rendered":"HOCES DE R\u00cdO J\u00daCAR"},"content":{"rendered":"<div class=\"slider-wrapper relative\" id=\"slider-189480721\" >\n    <div class=\"slider slider-nav-circle slider-nav-large slider-nav-light slider-style-normal\"\n        data-flickity-options='{\n            \"cellAlign\": \"center\",\n            \"imagesLoaded\": true,\n            \"lazyLoad\": 1,\n            \"freeScroll\": false,\n            \"wrapAround\": true,\n            \"autoPlay\": 6000,\n            \"pauseAutoPlayOnHover\" : true,\n            \"prevNextButtons\": true,\n            \"contain\" : true,\n            \"adaptiveHeight\" : true,\n            \"dragThreshold\" : 10,\n            \"percentPosition\": true,\n            \"pageDots\": false,\n            \"rightToLeft\": false,\n            \"draggable\": true,\n            \"selectedAttraction\": 0.1,\n            \"parallax\" : 0,\n            \"friction\": 0.6        }'\n        >\n        \n\n  <div class=\"banner has-hover has-slide-effect slide-zoom-in has-parallax\" id=\"banner-678944629\">\n          <div class=\"banner-inner fill\">\n        <div class=\"banner-bg fill\" data-parallax=\"-3\" data-parallax-container=\".banner\" data-parallax-background>\n            <img loading=\"lazy\" decoding=\"async\" width=\"1450\" height=\"967\" src=\"https:\/\/www.xuq.es\/grupo_de_alojamiento_turistico\/wp-content\/uploads\/2021\/02\/ENTORNO-JORQUERA-10.jpg\" class=\"bg\" alt=\"\" srcset=\"https:\/\/www.xuq.es\/grupo_de_alojamiento_turistico\/wp-content\/uploads\/2021\/02\/ENTORNO-JORQUERA-10.jpg 1450w, https:\/\/www.xuq.es\/grupo_de_alojamiento_turistico\/wp-content\/uploads\/2021\/02\/ENTORNO-JORQUERA-10-247x165.jpg 247w, https:\/\/www.xuq.es\/grupo_de_alojamiento_turistico\/wp-content\/uploads\/2021\/02\/ENTORNO-JORQUERA-10-510x340.jpg 510w, https:\/\/www.xuq.es\/grupo_de_alojamiento_turistico\/wp-content\/uploads\/2021\/02\/ENTORNO-JORQUERA-10-300x200.jpg 300w, https:\/\/www.xuq.es\/grupo_de_alojamiento_turistico\/wp-content\/uploads\/2021\/02\/ENTORNO-JORQUERA-10-1024x683.jpg 1024w, https:\/\/www.xuq.es\/grupo_de_alojamiento_turistico\/wp-content\/uploads\/2021\/02\/ENTORNO-JORQUERA-10-768x512.jpg 768w\" sizes=\"auto, (max-width: 1450px) 100vw, 1450px\" \/>                                    \n                    <\/div>\n\t\t\n        <div class=\"banner-layers container\">\n            <div class=\"fill banner-link\"><\/div>            \n   <div id=\"text-box-744002361\" class=\"text-box banner-layer x50 md-x50 lg-x50 y65 md-y65 lg-y65 res-text\">\n                     <div data-animate=\"bounceIn\">           <div class=\"text-box-content text dark text-shadow-5\">\n              \n              <div class=\"text-inner text-center\">\n                  \n<h2>PARAJES NATURALES<\/h2>\n              <\/div>\n           <\/div>\n       <\/div>                     \n<style>\n#text-box-744002361 {\n  width: 100%;\n}\n#text-box-744002361 .text-box-content {\n  font-size: 143%;\n}\n@media (min-width:550px) {\n  #text-box-744002361 {\n    width: 80%;\n  }\n  #text-box-744002361 .text-box-content {\n    font-size: 110%;\n  }\n}\n<\/style>\n    <\/div>\n \n        <\/div>\n      <\/div>\n\n            \n<style>\n#banner-678944629 {\n  padding-top: 580px;\n  background-color: rgb(0,0,0);\n}\n#banner-678944629 .overlay {\n  background-color: rgba(0, 0, 0, 0.3);\n}\n#banner-678944629 .banner-bg img {\n  object-position: 35% 23%;\n}\n<\/style>\n  <\/div>\n\n\n     <\/div>\n\n     <div class=\"loading-spin dark large centered\"><\/div>\n\n\t<\/div>\n\n\n\n\t<section class=\"section dark\" id=\"section_1906596298\">\n\t\t<div class=\"section-bg fill\" >\n\t\t\t\t\t\t\t\t\t\n\t\t\t\n\n\t\t<\/div>\n\n\t\t\n\n\t\t<div class=\"section-content relative\">\n\t\t\t\n<div class=\"row\"  id=\"row-1212780376\">\n\n\t<div id=\"col-1769965435\" class=\"col small-12 large-12\"  >\n\t\t\t\t<div class=\"col-inner\"  >\n\t\t\t\n\t\t\t\n\t<div id=\"gap-1535683161\" class=\"gap-element clearfix\" style=\"display:block; height:auto;\">\n\t\t\n<style>\n#gap-1535683161 {\n  padding-top: 30px;\n}\n<\/style>\n\t<\/div>\n\t\n<h1 style=\"text-align: center;\"><span style=\"font-size: 160%;\">HOCES DEL R\u00cdO J\u00daCAR<br \/><\/span><\/h1>\n<h3 style=\"text-align: center;\">Este espacio natural protegido de la Red Natura 2000 se localiza en la comarca albacete\u00f1a de La Manchuela. Alberga sin duda un alto valor paisaj\u00edstico, lleno de contrastes, con un espectacular ca\u00f1\u00f3n esculpido por el r\u00edo J\u00facar, con un microclima especial y un entorno formado principalmente por abruptos roquedos y barrancos. Entre los t\u00e9rminos de Valdeganga y Jorquera, en la Ribera de Cubas, el valle queda encerrado entre dos paredones de altura creciente de m\u00e1s de 100 m y con una anchura de 800 m en su nivel de cumbres.<\/h3>\n\t\t<\/div>\n\t\t\t\t\t<\/div>\n\n\t\n<\/div>\n\t\t<\/div>\n\n\t\t\n<style>\n#section_1906596298 {\n  padding-top: 30px;\n  padding-bottom: 30px;\n  background-color: rgb(0,0,0);\n}\n<\/style>\n\t<\/section>\n\t\n\t<div id=\"gap-2062871035\" class=\"gap-element clearfix\" style=\"display:block; height:auto;\">\n\t\t\n<style>\n#gap-2062871035 {\n  padding-top: 48px;\n}\n<\/style>\n\t<\/div>\n\t\n\n\t<section class=\"section\" id=\"section_891962505\">\n\t\t<div class=\"section-bg fill\" >\n\t\t\t\t\t\t\t\t\t\n\t\t\t\n\n\t\t<\/div>\n\n\t\t\n\n\t\t<div class=\"section-content relative\">\n\t\t\t\n<div class=\"row\"  id=\"row-1344057854\">\n\n\t<div id=\"col-178542265\" class=\"col small-12 large-12\"  >\n\t\t\t\t<div class=\"col-inner\"  >\n\t\t\t\n\t\t\t\n\t<div id=\"gap-1858674373\" class=\"gap-element clearfix show-for-small\" style=\"display:block; height:auto;\">\n\t\t\n<style>\n#gap-1858674373 {\n  padding-top: 0px;\n}\n@media (min-width:550px) {\n  #gap-1858674373 {\n    padding-top: 58px;\n  }\n}\n<\/style>\n\t<\/div>\n\t\n<h3 style=\"text-align: center;\">Entre el municipio de Alcal\u00e1 del J\u00facar y la pedan\u00eda de Tolosa, este valle se va haciendo m\u00e1s profundo llegando a los 270 metros bajo el nivel de la llanura en Villa de Ves, donde describe numerosos meandros. A partir de aqu\u00ed, debido a que el agua del r\u00edo es embalsada en el Embalse de El Molinar y la canalizaci\u00f3n de aguas hacia la central nuclear de Cofrentes, el caudal del r\u00edo disminuye considerablemente. El profundo tajo del valle en esta zona se encuentra custodiado al norte por la Sierra de La Pared, con 911 m de m\u00e1xima altitud y al sur por la Sierra del Boquer\u00f3n con 1072 m de m\u00e1xima altitud.<\/h3>\n\t<div id=\"gap-1218348239\" class=\"gap-element clearfix\" style=\"display:block; height:auto;\">\n\t\t\n<style>\n#gap-1218348239 {\n  padding-top: 9px;\n}\n<\/style>\n\t<\/div>\n\t\n\t\t<\/div>\n\t\t\t\t\n<style>\n#col-178542265 > .col-inner {\n  margin: 0px 0px -38px 0px;\n}\n<\/style>\n\t<\/div>\n\n\t\n<\/div>\n\t\t<\/div>\n\n\t\t\n<style>\n#section_891962505 {\n  padding-top: 0px;\n  padding-bottom: 0px;\n}\n<\/style>\n\t<\/section>\n\t\n<div class=\"row row-small\"  id=\"row-467751790\">\n\n\t<div id=\"col-694753677\" class=\"col small-12 large-12\"  >\n\t\t\t\t<div class=\"col-inner\"  >\n\t\t\t\n\t\t\t\n\t<div class=\"box has-hover   has-hover box-bounce box-text-bottom\" >\n\n\t\t<div class=\"box-image\" >\n\t\t\t\t\t\t<div class=\"image-cover\" style=\"padding-top:300px;\">\n\t\t\t\t<img loading=\"lazy\" decoding=\"async\" width=\"1450\" height=\"967\" src=\"https:\/\/www.xuq.es\/grupo_de_alojamiento_turistico\/wp-content\/uploads\/2021\/01\/JORQUERA-3ENTORNO.jpg\" class=\"attachment-original size-original\" alt=\"\" srcset=\"https:\/\/www.xuq.es\/grupo_de_alojamiento_turistico\/wp-content\/uploads\/2021\/01\/JORQUERA-3ENTORNO.jpg 1450w, https:\/\/www.xuq.es\/grupo_de_alojamiento_turistico\/wp-content\/uploads\/2021\/01\/JORQUERA-3ENTORNO-247x165.jpg 247w, https:\/\/www.xuq.es\/grupo_de_alojamiento_turistico\/wp-content\/uploads\/2021\/01\/JORQUERA-3ENTORNO-510x340.jpg 510w, https:\/\/www.xuq.es\/grupo_de_alojamiento_turistico\/wp-content\/uploads\/2021\/01\/JORQUERA-3ENTORNO-300x200.jpg 300w, https:\/\/www.xuq.es\/grupo_de_alojamiento_turistico\/wp-content\/uploads\/2021\/01\/JORQUERA-3ENTORNO-1024x683.jpg 1024w, https:\/\/www.xuq.es\/grupo_de_alojamiento_turistico\/wp-content\/uploads\/2021\/01\/JORQUERA-3ENTORNO-768x512.jpg 768w\" sizes=\"auto, (max-width: 1450px) 100vw, 1450px\" \/>\t\t\t\t\t\t\t\t\t\t\t<\/div>\n\t\t\t\t\t<\/div>\n\n\t\t<div class=\"box-text text-center dark\" style=\"background-color:rgb(0, 0, 0);\">\n\t\t\t<div class=\"box-text-inner\">\n\t\t\t\t\n<h1 style=\"text-align: center;\">HOCES DEL R\u00cdO J\u00daCAR<\/h1>\n\t\t\t<\/div>\n\t\t<\/div>\n\t<\/div>\n\t\n\t\t<\/div>\n\t\t\t\t\t<\/div>\n\n\t\n<\/div>\n\n\t<section class=\"section\" id=\"section_857404764\">\n\t\t<div class=\"section-bg fill\" >\n\t\t\t\t\t\t\t\t\t\n\t\t\t\n\n\t\t<\/div>\n\n\t\t\n\n\t\t<div class=\"section-content relative\">\n\t\t\t\n\t<div id=\"gap-868962315\" class=\"gap-element clearfix\" style=\"display:block; height:auto;\">\n\t\t\n<style>\n#gap-868962315 {\n  padding-top: 21px;\n}\n<\/style>\n\t<\/div>\n\t\n<div class=\"row\"  id=\"row-552528609\">\n\n\t<div id=\"col-819593165\" class=\"col small-12 large-12\"  >\n\t\t\t\t<div class=\"col-inner\"  >\n\t\t\t\n\t\t\t\n\t<div id=\"gap-1927800917\" class=\"gap-element clearfix show-for-small\" style=\"display:block; height:auto;\">\n\t\t\n<style>\n#gap-1927800917 {\n  padding-top: 0px;\n}\n@media (min-width:550px) {\n  #gap-1927800917 {\n    padding-top: 58px;\n  }\n}\n<\/style>\n\t<\/div>\n\t\n<h3 style=\"text-align: center;\">En la ribera del r\u00edo aparecen bosques y arbustivas de galer\u00eda con sauces, \u00e1lamos blancos, tarayales, adelfares y tambi\u00e9n cultivos de regad\u00edo como son las huertas, destinadas mayoritariamente a la subsistencia de los vecinos de estos municipios y representan las zonas de transici\u00f3n entre la orilla del r\u00edo, y el suelo forestal que se presenta con buenas formaciones de pinares de pino carrasco y matorrales espinosos, con importantes comunidades rup\u00edcolas de flora calc\u00edcola mediterr\u00e1nea. Tambi\u00e9n destancan las formaciones de pinar y algunos encinares, pero dominan el coscojar y la garriga, con peque\u00f1as zonas de sabinar de sabina mora, estepas y pastizales, siendo muy importantes las comunidades rup\u00edcolas de flora calc\u00edcola mediterr\u00e1nea. La cubierta forestal ocupa aproximadamente la mitad del territorio de este espacio natural predominando arbustedas de galer\u00eda.<\/h3>\n<h3 style=\"text-align: center;\">En cuanto a la fauna, destacan sobre todo las poblaciones de cabras montesas, rapaces propias de los cantiles como el \u00e1guila real, el \u00e1guila perdicera, el b\u00faho real, el halc\u00f3n peregrino, los roqueros rojo y solitarios, el abejaruco, el avi\u00f3n roquero y m\u00faltiples colonias de chova piquirroja. Tambi\u00e9n est\u00e1n presentes rapaces forestales como el \u00e1guila culebrera y el azor. El ecosistema fluvial permite la existencia de algunos peces de inter\u00e9s y la presencia de nutrias.<\/h3>\n\t\t<\/div>\n\t\t\t\t\n<style>\n#col-819593165 > .col-inner {\n  margin: 0px 0px -38px 0px;\n}\n<\/style>\n\t<\/div>\n\n\t\n<\/div>\n\t<div id=\"gap-240042455\" class=\"gap-element clearfix\" style=\"display:block; height:auto;\">\n\t\t\n<style>\n#gap-240042455 {\n  padding-top: 52px;\n}\n<\/style>\n\t<\/div>\n\t\n\t\t<\/div>\n\n\t\t\n<style>\n#section_857404764 {\n  padding-top: 0px;\n  padding-bottom: 0px;\n}\n<\/style>\n\t<\/section>\n\t\n  <div class=\"banner-grid-wrapper\">\n  <div id=\"banner-grid-1947622049\" class=\"banner-grid row row-grid row-small row-box-shadow-3\" data-packery-options=\"\">\n                      \n<div class=\"col grid-col large-6 grid-col-1\" ><div class=\"col-inner\">\n\t<div class=\"img has-hover x md-x lg-x y md-y lg-y\" id=\"image_604577474\">\n\t\t<a class=\"image-lightbox lightbox-gallery\" title=\"\" href=\"https:\/\/www.xuq.es\/grupo_de_alojamiento_turistico\/wp-content\/uploads\/2021\/01\/JORQUERA-2ENTORNO-1024x683.jpg\">\t\t\t\t\t\t<div class=\"img-inner dark\" >\n\t\t\t<img loading=\"lazy\" decoding=\"async\" width=\"1450\" height=\"967\" src=\"https:\/\/www.xuq.es\/grupo_de_alojamiento_turistico\/wp-content\/uploads\/2021\/01\/JORQUERA-2ENTORNO.jpg\" class=\"attachment-original size-original\" alt=\"\" srcset=\"https:\/\/www.xuq.es\/grupo_de_alojamiento_turistico\/wp-content\/uploads\/2021\/01\/JORQUERA-2ENTORNO.jpg 1450w, https:\/\/www.xuq.es\/grupo_de_alojamiento_turistico\/wp-content\/uploads\/2021\/01\/JORQUERA-2ENTORNO-247x165.jpg 247w, https:\/\/www.xuq.es\/grupo_de_alojamiento_turistico\/wp-content\/uploads\/2021\/01\/JORQUERA-2ENTORNO-510x340.jpg 510w, https:\/\/www.xuq.es\/grupo_de_alojamiento_turistico\/wp-content\/uploads\/2021\/01\/JORQUERA-2ENTORNO-300x200.jpg 300w, https:\/\/www.xuq.es\/grupo_de_alojamiento_turistico\/wp-content\/uploads\/2021\/01\/JORQUERA-2ENTORNO-1024x683.jpg 1024w, https:\/\/www.xuq.es\/grupo_de_alojamiento_turistico\/wp-content\/uploads\/2021\/01\/JORQUERA-2ENTORNO-768x512.jpg 768w\" sizes=\"auto, (max-width: 1450px) 100vw, 1450px\" \/>\t\t\t\t\t\t\n\t\t\t\t\t<\/div>\n\t\t\t\t\t\t<\/a>\t\t\n<style>\n#image_604577474 {\n  width: 100%;\n}\n<\/style>\n\t<\/div>\n\t\n<\/div><\/div>\n<div class=\"col grid-col large-3 grid-col-1\" ><div class=\"col-inner\">\n\t<div class=\"img has-hover x md-x lg-x y md-y lg-y\" id=\"image_1268556830\">\n\t\t<a class=\"image-lightbox lightbox-gallery\" title=\"\" href=\"https:\/\/www.xuq.es\/grupo_de_alojamiento_turistico\/wp-content\/uploads\/2021\/01\/ENTORNO-JORQUERA-1-1024x682.jpg\">\t\t\t\t\t\t<div class=\"img-inner dark\" >\n\t\t\t<img loading=\"lazy\" decoding=\"async\" width=\"1450\" height=\"966\" src=\"https:\/\/www.xuq.es\/grupo_de_alojamiento_turistico\/wp-content\/uploads\/2021\/01\/ENTORNO-JORQUERA-1.jpg\" class=\"attachment-original size-original\" alt=\"\" srcset=\"https:\/\/www.xuq.es\/grupo_de_alojamiento_turistico\/wp-content\/uploads\/2021\/01\/ENTORNO-JORQUERA-1.jpg 1450w, https:\/\/www.xuq.es\/grupo_de_alojamiento_turistico\/wp-content\/uploads\/2021\/01\/ENTORNO-JORQUERA-1-247x165.jpg 247w, https:\/\/www.xuq.es\/grupo_de_alojamiento_turistico\/wp-content\/uploads\/2021\/01\/ENTORNO-JORQUERA-1-510x340.jpg 510w, https:\/\/www.xuq.es\/grupo_de_alojamiento_turistico\/wp-content\/uploads\/2021\/01\/ENTORNO-JORQUERA-1-300x200.jpg 300w, https:\/\/www.xuq.es\/grupo_de_alojamiento_turistico\/wp-content\/uploads\/2021\/01\/ENTORNO-JORQUERA-1-1024x682.jpg 1024w, https:\/\/www.xuq.es\/grupo_de_alojamiento_turistico\/wp-content\/uploads\/2021\/01\/ENTORNO-JORQUERA-1-768x512.jpg 768w\" sizes=\"auto, (max-width: 1450px) 100vw, 1450px\" \/>\t\t\t\t\t\t\n\t\t\t\t\t<\/div>\n\t\t\t\t\t\t<\/a>\t\t\n<style>\n#image_1268556830 {\n  width: 100%;\n}\n<\/style>\n\t<\/div>\n\t\n<\/div><\/div>\n<div class=\"col grid-col large-3 grid-col-1-2\" ><div class=\"col-inner\">\n\t<div class=\"img has-hover x md-x lg-x y md-y lg-y\" id=\"image_631828767\">\n\t\t<a class=\"image-lightbox lightbox-gallery\" title=\"\" href=\"https:\/\/www.xuq.es\/grupo_de_alojamiento_turistico\/wp-content\/uploads\/2021\/02\/ENTORNO-JORQUERA-15-1024x683.jpg\">\t\t\t\t\t\t<div class=\"img-inner dark\" >\n\t\t\t<img loading=\"lazy\" decoding=\"async\" width=\"1450\" height=\"967\" src=\"https:\/\/www.xuq.es\/grupo_de_alojamiento_turistico\/wp-content\/uploads\/2021\/02\/ENTORNO-JORQUERA-15.jpg\" class=\"attachment-original size-original\" alt=\"\" srcset=\"https:\/\/www.xuq.es\/grupo_de_alojamiento_turistico\/wp-content\/uploads\/2021\/02\/ENTORNO-JORQUERA-15.jpg 1450w, https:\/\/www.xuq.es\/grupo_de_alojamiento_turistico\/wp-content\/uploads\/2021\/02\/ENTORNO-JORQUERA-15-247x165.jpg 247w, https:\/\/www.xuq.es\/grupo_de_alojamiento_turistico\/wp-content\/uploads\/2021\/02\/ENTORNO-JORQUERA-15-510x340.jpg 510w, https:\/\/www.xuq.es\/grupo_de_alojamiento_turistico\/wp-content\/uploads\/2021\/02\/ENTORNO-JORQUERA-15-300x200.jpg 300w, https:\/\/www.xuq.es\/grupo_de_alojamiento_turistico\/wp-content\/uploads\/2021\/02\/ENTORNO-JORQUERA-15-1024x683.jpg 1024w, https:\/\/www.xuq.es\/grupo_de_alojamiento_turistico\/wp-content\/uploads\/2021\/02\/ENTORNO-JORQUERA-15-768x512.jpg 768w\" sizes=\"auto, (max-width: 1450px) 100vw, 1450px\" \/>\t\t\t\t\t\t\n\t\t\t\t\t<\/div>\n\t\t\t\t\t\t<\/a>\t\t\n<style>\n#image_631828767 {\n  width: 100%;\n}\n<\/style>\n\t<\/div>\n\t\n<\/div><\/div>\n<div class=\"col grid-col large-3 grid-col-1-2\" ><div class=\"col-inner\">\n\t<div class=\"img has-hover x md-x lg-x y md-y lg-y\" id=\"image_1731408539\">\n\t\t<a class=\"image-lightbox lightbox-gallery\" title=\"\" href=\"https:\/\/www.xuq.es\/grupo_de_alojamiento_turistico\/wp-content\/uploads\/2021\/01\/JORQUERA-1ENTORNO-1024x683.jpg\">\t\t\t\t\t\t<div class=\"img-inner dark\" >\n\t\t\t<img loading=\"lazy\" decoding=\"async\" width=\"1450\" height=\"967\" src=\"https:\/\/www.xuq.es\/grupo_de_alojamiento_turistico\/wp-content\/uploads\/2021\/01\/JORQUERA-1ENTORNO.jpg\" class=\"attachment-original size-original\" alt=\"\" srcset=\"https:\/\/www.xuq.es\/grupo_de_alojamiento_turistico\/wp-content\/uploads\/2021\/01\/JORQUERA-1ENTORNO.jpg 1450w, https:\/\/www.xuq.es\/grupo_de_alojamiento_turistico\/wp-content\/uploads\/2021\/01\/JORQUERA-1ENTORNO-247x165.jpg 247w, https:\/\/www.xuq.es\/grupo_de_alojamiento_turistico\/wp-content\/uploads\/2021\/01\/JORQUERA-1ENTORNO-510x340.jpg 510w, https:\/\/www.xuq.es\/grupo_de_alojamiento_turistico\/wp-content\/uploads\/2021\/01\/JORQUERA-1ENTORNO-300x200.jpg 300w, https:\/\/www.xuq.es\/grupo_de_alojamiento_turistico\/wp-content\/uploads\/2021\/01\/JORQUERA-1ENTORNO-1024x683.jpg 1024w, https:\/\/www.xuq.es\/grupo_de_alojamiento_turistico\/wp-content\/uploads\/2021\/01\/JORQUERA-1ENTORNO-768x512.jpg 768w\" sizes=\"auto, (max-width: 1450px) 100vw, 1450px\" \/>\t\t\t\t\t\t\n\t\t\t\t\t<\/div>\n\t\t\t\t\t\t<\/a>\t\t\n<style>\n#image_1731408539 {\n  width: 100%;\n}\n<\/style>\n\t<\/div>\n\t\n<\/div><\/div>\n            <\/div>\n    <style>\n    #banner-grid-1947622049 .grid-col-1{height: 600px}\n    #banner-grid-1947622049 .grid-col-1-2{height: 300px}\n    #banner-grid-1947622049 .grid-col-1-3{height:200px}\n    #banner-grid-1947622049 .grid-col-2-3{height: 400px}\n    #banner-grid-1947622049 .grid-col-1-4{height: 150px}\n    #banner-grid-1947622049 .grid-col-3-4{height: 450px}\n\n\n    \n    \n\n  <\/style>\n    <\/div>\n  \n\n\t<section class=\"section\" id=\"section_505430370\">\n\t\t<div class=\"section-bg fill\" >\n\t\t\t\t\t\t\t\t\t\n\t\t\t\n\t<div class=\"is-border\"\n\t\tstyle=\"border-width:0px 0px 0px 0px;margin:0px 0px 0px 0px;\">\n\t<\/div>\n\n\t\t<\/div>\n\n\t\t\n\n\t\t<div class=\"section-content relative\">\n\t\t\t\n<div class=\"row\"  id=\"row-1584952858\">\n\n\t<div id=\"col-872150314\" class=\"col small-12 large-12\"  >\n\t\t\t\t<div class=\"col-inner text-center\"  >\n\t\t\t\n\t\t\t\n<p>PUEBLOS RECOMENDADOS POR DESCUBRIR EN LA PROVINCIA DESDE XUQ LOMAS DE RUVIRA:<\/p>\n\t\t<\/div>\n\t\t\t\t\n<style>\n#col-872150314 > .col-inner {\n  margin: 0px 0px -24px 0px;\n}\n<\/style>\n\t<\/div>\n\n\t\n\n<style>\n#row-1584952858 > .col > .col-inner {\n  padding: 0px 0px 0px 0px;\n}\n<\/style>\n<\/div>\n<div class=\"row\"  id=\"row-1389186587\">\n\n\t<div id=\"col-1058927999\" class=\"col medium-4 small-12 large-4\"  >\n\t\t\t\t<div class=\"col-inner\"  >\n\t\t\t\n\t\t\t\n<ul>\n<li><span style=\"font-size: 85%;\">TARAZONA DE LA MANCHA<img loading=\"lazy\" decoding=\"async\" class=\"alignnonewp-image-2213\" src=\"https:\/\/www.publiciti.es\/grupo_de_alojamiento_turistico\/wp-content\/uploads\/2021\/02\/552.png\" alt=\"\" width=\"18\" height=\"15\" \/> 42KM<\/span><\/li>\n<li><span style=\"font-size: 85%;\">VILLALGORDO DEL J\u00daCAR <img loading=\"lazy\" decoding=\"async\" class=\"alignnonewp-image-2213\" src=\"https:\/\/www.publiciti.es\/grupo_de_alojamiento_turistico\/wp-content\/uploads\/2021\/02\/552.png\" alt=\"\" width=\"18\" height=\"15\" \/> 56KM<\/span><\/li>\n<li><span style=\"font-size: 85%;\">ALMANSA <img loading=\"lazy\" decoding=\"async\" class=\"alignnonewp-image-2213\" src=\"https:\/\/www.publiciti.es\/grupo_de_alojamiento_turistico\/wp-content\/uploads\/2021\/02\/552.png\" alt=\"\" width=\"18\" height=\"15\" \/> 72KM<\/span><\/li>\n<li><span style=\"font-size: 85%;\">ALARC\u00d3N <span style=\"font-size: 75%;\">(Manchuela Conquense)<\/span> <img loading=\"lazy\" decoding=\"async\" class=\"alignnonewp-image-2213\" src=\"https:\/\/www.publiciti.es\/grupo_de_alojamiento_turistico\/wp-content\/uploads\/2021\/02\/552.png\" alt=\"\" width=\"18\" height=\"15\" \/> 95KM<br \/>\n<\/span><\/li>\n<li><span style=\"font-size: 85%;\">LI\u00c9TOR <img loading=\"lazy\" decoding=\"async\" class=\"alignnonewp-image-2213\" src=\"https:\/\/www.publiciti.es\/grupo_de_alojamiento_turistico\/wp-content\/uploads\/2021\/02\/552.png\" alt=\"\" width=\"18\" height=\"15\" \/> 95KM<\/span><\/li>\n<\/ul>\n\t\t<\/div>\n\t\t\t\t\n<style>\n#col-1058927999 > .col-inner {\n  margin: 0px 0px -24px 0px;\n}\n<\/style>\n\t<\/div>\n\n\t\n\n\t<div id=\"col-1481975565\" class=\"col medium-4 small-12 large-4\"  >\n\t\t\t\t<div class=\"col-inner\"  >\n\t\t\t\n\t\t\t\n<ul>\n<li><span style=\"font-size: 85%;\">AYNA <img loading=\"lazy\" decoding=\"async\" class=\"alignnonewp-image-2213\" src=\"https:\/\/www.publiciti.es\/grupo_de_alojamiento_turistico\/wp-content\/uploads\/2021\/02\/552.png\" alt=\"\" width=\"18\" height=\"15\" \/> 103KM<\/span><\/li>\n<li><span style=\"font-size: 85%;\">ALCARAZ <img loading=\"lazy\" decoding=\"async\" class=\"alignnonewp-image-2213\" src=\"https:\/\/www.publiciti.es\/grupo_de_alojamiento_turistico\/wp-content\/uploads\/2021\/02\/552.png\" alt=\"\" width=\"18\" height=\"15\" \/> 120KM<\/span><\/li>\n<li><span style=\"font-size: 85%;\">BOGARRA <img loading=\"lazy\" decoding=\"async\" class=\"alignnonewp-image-2213\" src=\"https:\/\/www.publiciti.es\/grupo_de_alojamiento_turistico\/wp-content\/uploads\/2021\/02\/552.png\" alt=\"\" width=\"18\" height=\"15\" \/> 121KM<\/span><\/li>\n<li><span style=\"font-size: 85%;\">PATERNA DEL MADERA <img loading=\"lazy\" decoding=\"async\" class=\"alignnonewp-image-2213\" src=\"https:\/\/www.publiciti.es\/grupo_de_alojamiento_turistico\/wp-content\/uploads\/2021\/02\/552.png\" alt=\"\" width=\"18\" height=\"15\" \/> 124KM<\/span><\/li>\n<li><span style=\"font-size: 85%;\">ELCHE DE LA SIERRA <img loading=\"lazy\" decoding=\"async\" class=\"alignnonewp-image-2213\" src=\"https:\/\/www.publiciti.es\/grupo_de_alojamiento_turistico\/wp-content\/uploads\/2021\/02\/552.png\" alt=\"\" width=\"18\" height=\"15\" \/> 124KM<\/span><\/li>\n<\/ul>\n\t\t<\/div>\n\t\t\t\t\n<style>\n#col-1481975565 > .col-inner {\n  margin: 0px 0px -24px 0px;\n}\n<\/style>\n\t<\/div>\n\n\t\n\n\t<div id=\"col-599273468\" class=\"col medium-3 small-12 large-3\"  >\n\t\t\t\t<div class=\"col-inner\"  >\n\t\t\t\n\t\t\t\n<ul>\n<li><span style=\"font-size: 85%;\">LETUR <img loading=\"lazy\" decoding=\"async\" class=\"alignnonewp-image-2213\" src=\"https:\/\/www.publiciti.es\/grupo_de_alojamiento_turistico\/wp-content\/uploads\/2021\/02\/552.png\" alt=\"\" width=\"18\" height=\"15\" \/> 140KM<\/span><\/li>\n<li><span style=\"font-size: 85%;\">RI\u00d3PAR <img loading=\"lazy\" decoding=\"async\" class=\"alignnonewp-image-2213\" src=\"https:\/\/www.publiciti.es\/grupo_de_alojamiento_turistico\/wp-content\/uploads\/2021\/02\/552.png\" alt=\"\" width=\"18\" height=\"15\" \/> 161KM<\/span><\/li>\n<li><span style=\"font-size: 85%;\">YESTE <img loading=\"lazy\" decoding=\"async\" class=\"alignnonewp-image-2213\" src=\"https:\/\/www.publiciti.es\/grupo_de_alojamiento_turistico\/wp-content\/uploads\/2021\/02\/552.png\" alt=\"\" width=\"18\" height=\"15\" \/> 166KM<\/span><\/li>\n<li><span style=\"font-size: 85%;\">NERPIO <img loading=\"lazy\" decoding=\"async\" class=\"alignnonewp-image-2213\" src=\"https:\/\/www.publiciti.es\/grupo_de_alojamiento_turistico\/wp-content\/uploads\/2021\/02\/552.png\" alt=\"\" width=\"18\" height=\"15\" \/> 232KM<\/span><\/li>\n<\/ul>\n\t\t<\/div>\n\t\t\t\t\n<style>\n#col-599273468 > .col-inner {\n  margin: 0px 0px -24px 0px;\n}\n<\/style>\n\t<\/div>\n\n\t\n\n<style>\n#row-1389186587 > .col > .col-inner {\n  padding: 0px 0px 0px 0px;\n}\n<\/style>\n<\/div>\n\t\t<\/div>\n\n\t\t\n<style>\n#section_505430370 {\n  padding-top: 30px;\n  padding-bottom: 30px;\n  background-color: rgb(255,255,255);\n}\n<\/style>\n\t<\/section>\n\t\n<div class=\"row align-center\"  id=\"row-1334603275\">\n\n\t<div id=\"col-1857487230\" class=\"col small-12 large-12\"  >\n\t\t\t\t<div class=\"col-inner text-center\"  >\n\t\t\t\n\t\t\t\n<a data-animate=\"fadeInLeft\" href=\"https:\/\/www.xuq.es\/grupo_de_alojamiento_turistico\/entorno\/\" class=\"button primary is-gloss\"  >\n\t<i class=\"icon-angle-left\" aria-hidden=\"true\" ><\/i>\t<span>VOLVER A ENTORNO<\/span>\n\t<\/a>\n\n\t\t<\/div>\n\t\t\t\t\t<\/div>\n\n\t\n<\/div>\n","protected":false},"excerpt":{"rendered":"","protected":false},"author":3,"featured_media":0,"parent":0,"menu_order":0,"comment_status":"closed","ping_status":"closed","template":"page-transparent-header-light.php","meta":{"footnotes":""},"class_list":["post-3171","page","type-page","status-publish","hentry"],"_links":{"self":[{"href":"https:\/\/www.xuq.es\/grupo_de_alojamiento_turistico\/wp-json\/wp\/v2\/pages\/3171","targetHints":{"allow":["GET"]}}],"collection":[{"href":"https:\/\/www.xuq.es\/grupo_de_alojamiento_turistico\/wp-json\/wp\/v2\/pages"}],"about":[{"href":"https:\/\/www.xuq.es\/grupo_de_alojamiento_turistico\/wp-json\/wp\/v2\/types\/page"}],"author":[{"embeddable":true,"href":"https:\/\/www.xuq.es\/grupo_de_alojamiento_turistico\/wp-json\/wp\/v2\/users\/3"}],"replies":[{"embeddable":true,"href":"https:\/\/www.xuq.es\/grupo_de_alojamiento_turistico\/wp-json\/wp\/v2\/comments?post=3171"}],"version-history":[{"count":3,"href":"https:\/\/www.xuq.es\/grupo_de_alojamiento_turistico\/wp-json\/wp\/v2\/pages\/3171\/revisions"}],"predecessor-version":[{"id":3188,"href":"https:\/\/www.xuq.es\/grupo_de_alojamiento_turistico\/wp-json\/wp\/v2\/pages\/3171\/revisions\/3188"}],"wp:attachment":[{"href":"https:\/\/www.xuq.es\/grupo_de_alojamiento_turistico\/wp-json\/wp\/v2\/media?parent=3171"}],"curies":[{"name":"wp","href":"https:\/\/api.w.org\/{rel}","templated":true}]}}