{"id":3156,"date":"2021-02-11T21:57:56","date_gmt":"2021-02-11T21:57:56","guid":{"rendered":"https:\/\/www.xuq.es\/grupo_de_alojamiento_turistico\/?page_id=3156"},"modified":"2021-02-11T23:13:09","modified_gmt":"2021-02-11T23:13:09","slug":"sierra-de-alcaraz-y-segura","status":"publish","type":"page","link":"https:\/\/www.xuq.es\/grupo_de_alojamiento_turistico\/sierra-de-alcaraz-y-segura\/","title":{"rendered":"SIERRA DE ALCARAZ Y SEGURA"},"content":{"rendered":"<div class=\"slider-wrapper relative\" id=\"slider-1160008694\" >\n    <div class=\"slider slider-nav-circle slider-nav-large slider-nav-light slider-style-normal\"\n        data-flickity-options='{\n            \"cellAlign\": \"center\",\n            \"imagesLoaded\": true,\n            \"lazyLoad\": 1,\n            \"freeScroll\": false,\n            \"wrapAround\": true,\n            \"autoPlay\": 6000,\n            \"pauseAutoPlayOnHover\" : true,\n            \"prevNextButtons\": true,\n            \"contain\" : true,\n            \"adaptiveHeight\" : true,\n            \"dragThreshold\" : 10,\n            \"percentPosition\": true,\n            \"pageDots\": false,\n            \"rightToLeft\": false,\n            \"draggable\": true,\n            \"selectedAttraction\": 0.1,\n            \"parallax\" : 0,\n            \"friction\": 0.6        }'\n        >\n        \n\n  <div class=\"banner has-hover has-slide-effect slide-zoom-in has-parallax\" id=\"banner-906406391\">\n          <div class=\"banner-inner fill\">\n        <div class=\"banner-bg fill\" data-parallax=\"-3\" data-parallax-container=\".banner\" data-parallax-background>\n            <img loading=\"lazy\" decoding=\"async\" width=\"1600\" height=\"1200\" src=\"https:\/\/www.xuq.es\/grupo_de_alojamiento_turistico\/wp-content\/uploads\/2021\/02\/678.jpg\" class=\"bg\" alt=\"\" srcset=\"https:\/\/www.xuq.es\/grupo_de_alojamiento_turistico\/wp-content\/uploads\/2021\/02\/678.jpg 1600w, https:\/\/www.xuq.es\/grupo_de_alojamiento_turistico\/wp-content\/uploads\/2021\/02\/678-300x225.jpg 300w, https:\/\/www.xuq.es\/grupo_de_alojamiento_turistico\/wp-content\/uploads\/2021\/02\/678-1024x768.jpg 1024w, https:\/\/www.xuq.es\/grupo_de_alojamiento_turistico\/wp-content\/uploads\/2021\/02\/678-768x576.jpg 768w, https:\/\/www.xuq.es\/grupo_de_alojamiento_turistico\/wp-content\/uploads\/2021\/02\/678-1536x1152.jpg 1536w, https:\/\/www.xuq.es\/grupo_de_alojamiento_turistico\/wp-content\/uploads\/2021\/02\/678-247x185.jpg 247w, https:\/\/www.xuq.es\/grupo_de_alojamiento_turistico\/wp-content\/uploads\/2021\/02\/678-510x383.jpg 510w\" sizes=\"auto, (max-width: 1600px) 100vw, 1600px\" \/>                                    \n                    <\/div>\n\t\t\n        <div class=\"banner-layers container\">\n            <div class=\"fill banner-link\"><\/div>            \n   <div id=\"text-box-978195095\" class=\"text-box banner-layer x50 md-x50 lg-x50 y65 md-y65 lg-y65 res-text\">\n                     <div data-animate=\"bounceIn\">           <div class=\"text-box-content text dark text-shadow-5\">\n              \n              <div class=\"text-inner text-center\">\n                  \n<h2 style=\"text-align: center;\">PARAJES NATURALES<\/h2>\n              <\/div>\n           <\/div>\n       <\/div>                     \n<style>\n#text-box-978195095 {\n  width: 100%;\n}\n#text-box-978195095 .text-box-content {\n  font-size: 130%;\n}\n@media (min-width:550px) {\n  #text-box-978195095 {\n    width: 80%;\n  }\n  #text-box-978195095 .text-box-content {\n    font-size: 110%;\n  }\n}\n<\/style>\n    <\/div>\n \n        <\/div>\n      <\/div>\n\n            \n<style>\n#banner-906406391 {\n  padding-top: 580px;\n  background-color: rgb(0,0,0);\n}\n#banner-906406391 .overlay {\n  background-color: rgba(0, 0, 0, 0.3);\n}\n#banner-906406391 .banner-bg img {\n  object-position: 58% 100%;\n}\n<\/style>\n  <\/div>\n\n\n     <\/div>\n\n     <div class=\"loading-spin dark large centered\"><\/div>\n\n\t<\/div>\n\n\n\n\t<section class=\"section dark\" id=\"section_2028895291\">\n\t\t<div class=\"section-bg fill\" >\n\t\t\t\t\t\t\t\t\t\n\t\t\t\n\n\t\t<\/div>\n\n\t\t\n\n\t\t<div class=\"section-content relative\">\n\t\t\t\n<div class=\"row\"  id=\"row-1346334684\">\n\n\t<div id=\"col-1789785715\" class=\"col small-12 large-12\"  >\n\t\t\t\t<div class=\"col-inner\"  >\n\t\t\t\n\t\t\t\n\t<div id=\"gap-1046819929\" class=\"gap-element clearfix\" style=\"display:block; height:auto;\">\n\t\t\n<style>\n#gap-1046819929 {\n  padding-top: 30px;\n}\n<\/style>\n\t<\/div>\n\t\n<h1 style=\"text-align: center;\"><span style=\"font-size: 160%;\">SIERRA DE ALCARAZ Y SEGURA<br \/><\/span><\/h1>\n<h3 style=\"text-align: center;\">Al sur de la provincia de Albacete se ubica la hist\u00f3rica poblaci\u00f3n de Alcaraz y junto a ella, su serran\u00eda. En su plaza, hay dos torres gemelas \u2013la de la Trinidad y la del Tardo\u0301n\u2013 que a punto esta\u0301n de juntar sus cubiertas. Son si\u0301mbolo de esta localidad, cuyo gran patrimonio arti\u0301stico testimonia el rico y pro\u0301spero pasado que tuvo.<\/h3>\n\t\t<\/div>\n\t\t\t\t\t<\/div>\n\n\t\n<\/div>\n\t\t<\/div>\n\n\t\t\n<style>\n#section_2028895291 {\n  padding-top: 30px;\n  padding-bottom: 30px;\n  background-color: rgb(0,0,0);\n}\n<\/style>\n\t<\/section>\n\t\n\t<div id=\"gap-1960192976\" class=\"gap-element clearfix\" style=\"display:block; height:auto;\">\n\t\t\n<style>\n#gap-1960192976 {\n  padding-top: 48px;\n}\n<\/style>\n\t<\/div>\n\t\n\n\t<section class=\"section\" id=\"section_1641715116\">\n\t\t<div class=\"section-bg fill\" >\n\t\t\t\t\t\t\t\t\t\n\t\t\t\n\n\t\t<\/div>\n\n\t\t\n\n\t\t<div class=\"section-content relative\">\n\t\t\t\n<div class=\"row\"  id=\"row-2053963447\">\n\n\t<div id=\"col-809089689\" class=\"col small-12 large-12\"  >\n\t\t\t\t<div class=\"col-inner\"  >\n\t\t\t\n\t\t\t\n\t<div id=\"gap-755199345\" class=\"gap-element clearfix show-for-small\" style=\"display:block; height:auto;\">\n\t\t\n<style>\n#gap-755199345 {\n  padding-top: 0px;\n}\n@media (min-width:550px) {\n  #gap-755199345 {\n    padding-top: 58px;\n  }\n}\n<\/style>\n\t<\/div>\n\t\n<h1 style=\"text-align: center;\"><span style=\"font-size: 140%;\">SIERRA DE ALCARAZ Y SEGURA<br \/><\/span><\/h1>\n<h3 style=\"text-align: center;\">Fue importante centro de produccio\u0301n textil y lugar estrate\u0301gico clave para acceder a los antiguos reinos de Murcia, Jae\u0301n y Granada A seis kilo\u0301metros, pa\u0301rate en el Santuario de Nuestra Sen\u0303ora de Cortes, donde se celebra una de las romeri\u0301as ma\u0301s concurridas de Castilla-La Mancha. Alcaraz da nombre a una sierra bella, abrupta y con atractivas opciones turi\u0301sticas, desde Reolid con sus balnearios de aguas minero-medicinales y la Reserva Natural \u201cEstrecho del Hocino\u201d a El Salobre, lugar privilegiado para los amantes de la pesca y las excursiones a pi\u0301e.<\/h3>\n<h3 style=\"text-align: center;\">La villa medieval de Rio\u0301par se halla en parajes asombrosos, pro\u0301ximos al Parque Natural del Nacimiento del ri\u0301o Mundo, otra de las joyas naturales de esta regio\u0301n. Aqui\u0301 se ubicaban las antiguas fa\u0301bricas de San Juan, famosas por sus productos de bronce y lato\u0301n.<\/h3>\n\t<div id=\"gap-2082673048\" class=\"gap-element clearfix\" style=\"display:block; height:auto;\">\n\t\t\n<style>\n#gap-2082673048 {\n  padding-top: 9px;\n}\n<\/style>\n\t<\/div>\n\t\n\t\t<\/div>\n\t\t\t\t\n<style>\n#col-809089689 > .col-inner {\n  margin: 0px 0px -38px 0px;\n}\n<\/style>\n\t<\/div>\n\n\t\n<\/div>\n\t\t<\/div>\n\n\t\t\n<style>\n#section_1641715116 {\n  padding-top: 0px;\n  padding-bottom: 0px;\n}\n<\/style>\n\t<\/section>\n\t\n<div class=\"row row-small\"  id=\"row-1661333223\">\n\n\t<div id=\"col-577877606\" class=\"col small-12 large-12\"  >\n\t\t\t\t<div class=\"col-inner\"  >\n\t\t\t\n\t\t\t\n\t<div class=\"box has-hover   has-hover box-bounce box-text-bottom\" >\n\n\t\t<div class=\"box-image\" >\n\t\t\t\t\t\t<div class=\"image-cover\" style=\"padding-top:300px;\">\n\t\t\t\t<img loading=\"lazy\" decoding=\"async\" width=\"1280\" height=\"721\" src=\"https:\/\/www.xuq.es\/grupo_de_alojamiento_turistico\/wp-content\/uploads\/2021\/02\/689.jpg\" class=\"attachment-original size-original\" alt=\"\" srcset=\"https:\/\/www.xuq.es\/grupo_de_alojamiento_turistico\/wp-content\/uploads\/2021\/02\/689.jpg 1280w, https:\/\/www.xuq.es\/grupo_de_alojamiento_turistico\/wp-content\/uploads\/2021\/02\/689-300x169.jpg 300w, https:\/\/www.xuq.es\/grupo_de_alojamiento_turistico\/wp-content\/uploads\/2021\/02\/689-1024x577.jpg 1024w, https:\/\/www.xuq.es\/grupo_de_alojamiento_turistico\/wp-content\/uploads\/2021\/02\/689-768x433.jpg 768w, https:\/\/www.xuq.es\/grupo_de_alojamiento_turistico\/wp-content\/uploads\/2021\/02\/689-247x139.jpg 247w, https:\/\/www.xuq.es\/grupo_de_alojamiento_turistico\/wp-content\/uploads\/2021\/02\/689-510x287.jpg 510w\" sizes=\"auto, (max-width: 1280px) 100vw, 1280px\" \/>\t\t\t\t\t\t\t\t\t\t\t<\/div>\n\t\t\t\t\t<\/div>\n\n\t\t<div class=\"box-text text-center dark\" style=\"background-color:rgb(0, 0, 0);\">\n\t\t\t<div class=\"box-text-inner\">\n\t\t\t\t\n<h1 style=\"text-align: center;\">SIERRA DE ALCARAZ Y SEGURA<\/h1>\n\t\t\t<\/div>\n\t\t<\/div>\n\t<\/div>\n\t\n\t\t<\/div>\n\t\t\t\t\t<\/div>\n\n\t\n<\/div>\n\n\t<section class=\"section\" id=\"section_525270544\">\n\t\t<div class=\"section-bg fill\" >\n\t\t\t\t\t\t\t\t\t\n\t\t\t\n\n\t\t<\/div>\n\n\t\t\n\n\t\t<div class=\"section-content relative\">\n\t\t\t\n\t<div id=\"gap-566674822\" class=\"gap-element clearfix\" style=\"display:block; height:auto;\">\n\t\t\n<style>\n#gap-566674822 {\n  padding-top: 21px;\n}\n<\/style>\n\t<\/div>\n\t\n<div class=\"row\"  id=\"row-1578122410\">\n\n\t<div id=\"col-25053601\" class=\"col small-12 large-12\"  >\n\t\t\t\t<div class=\"col-inner\"  >\n\t\t\t\n\t\t\t\n\t<div id=\"gap-212424684\" class=\"gap-element clearfix show-for-small\" style=\"display:block; height:auto;\">\n\t\t\n<style>\n#gap-212424684 {\n  padding-top: 0px;\n}\n@media (min-width:550px) {\n  #gap-212424684 {\n    padding-top: 58px;\n  }\n}\n<\/style>\n\t<\/div>\n\t\n<h3 style=\"text-align: center;\">Atre\u0301vete a practicar la espeleologi\u0301a en la Cueva de los Chorros, observa el vuelo de numerosas aves rapaces y la rica flora que crece en sus laderas, id\u00f3neo si eres amante de la micolog\u00eda. En pocos lugares de Espan\u0303a el nacimiento de un ri\u0301o esta\u0301 rodeado de tan exuberante belleza. Disfruta en sus a\u0301reas recreativas de un reconfortante picnic o haz alto en los parajes de Ayna, Bogarra, Paterna del Madera, Letur, Molinicos, Ferez, Nerpio, Yeste o Elche de la Sierra para degustar los platos ma\u0301s tradicionales de la zona.<\/h3>\n<h3 style=\"text-align: center;\">Ayna es conocida como la \u201cSuiza manchega\u201d. En Elche de la Sierra sus multicolores alfombras de serri\u0301n ten\u0303ido tapizan las calles por donde discurre la procesio\u0301n del Corpus Christi. En Nerpio encontrara\u0301s gran concentracio\u0301n de pinturas rupestres reconocidas como Patrimonio de la Humanidad por la UNESCO. Y Letur presenta un conjunto urbano de gran tipismo y valor histo\u0301rico-patrimonial. Y si eres amante del agua te recomendamos visitar la \u201cSierra del Agua\u201d en Paterna del Madera, o el \u201cBat\u00e1n de Bogarra\u201d<\/h3>\n\t\t<\/div>\n\t\t\t\t\n<style>\n#col-25053601 > .col-inner {\n  margin: 0px 0px -38px 0px;\n}\n<\/style>\n\t<\/div>\n\n\t\n<\/div>\n\t<div id=\"gap-119597791\" class=\"gap-element clearfix\" style=\"display:block; height:auto;\">\n\t\t\n<style>\n#gap-119597791 {\n  padding-top: 52px;\n}\n<\/style>\n\t<\/div>\n\t\n\t\t<\/div>\n\n\t\t\n<style>\n#section_525270544 {\n  padding-top: 0px;\n  padding-bottom: 0px;\n}\n<\/style>\n\t<\/section>\n\t\n  <div class=\"banner-grid-wrapper\">\n  <div id=\"banner-grid-612210613\" class=\"banner-grid row row-grid row-small row-box-shadow-3\" data-packery-options=\"\">\n                      \n<div class=\"col grid-col large-6 grid-col-1\" ><div class=\"col-inner\">\n\t<div class=\"img has-hover x md-x lg-x y md-y lg-y\" id=\"image_1586784510\">\n\t\t<a class=\"image-lightbox lightbox-gallery\" title=\"\" href=\"https:\/\/www.xuq.es\/grupo_de_alojamiento_turistico\/wp-content\/uploads\/2021\/02\/467-1024x768.jpg\">\t\t\t\t\t\t<div class=\"img-inner dark\" >\n\t\t\t<img loading=\"lazy\" decoding=\"async\" width=\"1280\" height=\"960\" src=\"https:\/\/www.xuq.es\/grupo_de_alojamiento_turistico\/wp-content\/uploads\/2021\/02\/467.jpg\" class=\"attachment-original size-original\" alt=\"\" srcset=\"https:\/\/www.xuq.es\/grupo_de_alojamiento_turistico\/wp-content\/uploads\/2021\/02\/467.jpg 1280w, https:\/\/www.xuq.es\/grupo_de_alojamiento_turistico\/wp-content\/uploads\/2021\/02\/467-300x225.jpg 300w, https:\/\/www.xuq.es\/grupo_de_alojamiento_turistico\/wp-content\/uploads\/2021\/02\/467-1024x768.jpg 1024w, https:\/\/www.xuq.es\/grupo_de_alojamiento_turistico\/wp-content\/uploads\/2021\/02\/467-768x576.jpg 768w, https:\/\/www.xuq.es\/grupo_de_alojamiento_turistico\/wp-content\/uploads\/2021\/02\/467-247x185.jpg 247w, https:\/\/www.xuq.es\/grupo_de_alojamiento_turistico\/wp-content\/uploads\/2021\/02\/467-510x383.jpg 510w\" sizes=\"auto, (max-width: 1280px) 100vw, 1280px\" \/>\t\t\t\t\t\t\n\t\t\t\t\t<\/div>\n\t\t\t\t\t\t<\/a>\t\t\n<style>\n#image_1586784510 {\n  width: 100%;\n}\n<\/style>\n\t<\/div>\n\t\n<\/div><\/div>\n<div class=\"col grid-col large-3 grid-col-1\" ><div class=\"col-inner\">\n\t<div class=\"img has-hover x md-x lg-x y md-y lg-y\" id=\"image_1277098244\">\n\t\t<a class=\"image-lightbox lightbox-gallery\" title=\"\" href=\"https:\/\/www.xuq.es\/grupo_de_alojamiento_turistico\/wp-content\/uploads\/2021\/02\/6578-1024x576.jpg\">\t\t\t\t\t\t<div class=\"img-inner dark\" >\n\t\t\t<img loading=\"lazy\" decoding=\"async\" width=\"1450\" height=\"816\" src=\"https:\/\/www.xuq.es\/grupo_de_alojamiento_turistico\/wp-content\/uploads\/2021\/02\/6578.jpg\" class=\"attachment-original size-original\" alt=\"\" srcset=\"https:\/\/www.xuq.es\/grupo_de_alojamiento_turistico\/wp-content\/uploads\/2021\/02\/6578.jpg 1450w, https:\/\/www.xuq.es\/grupo_de_alojamiento_turistico\/wp-content\/uploads\/2021\/02\/6578-300x169.jpg 300w, https:\/\/www.xuq.es\/grupo_de_alojamiento_turistico\/wp-content\/uploads\/2021\/02\/6578-1024x576.jpg 1024w, https:\/\/www.xuq.es\/grupo_de_alojamiento_turistico\/wp-content\/uploads\/2021\/02\/6578-768x432.jpg 768w, https:\/\/www.xuq.es\/grupo_de_alojamiento_turistico\/wp-content\/uploads\/2021\/02\/6578-247x139.jpg 247w, https:\/\/www.xuq.es\/grupo_de_alojamiento_turistico\/wp-content\/uploads\/2021\/02\/6578-510x287.jpg 510w\" sizes=\"auto, (max-width: 1450px) 100vw, 1450px\" \/>\t\t\t\t\t\t\n\t\t\t\t\t<\/div>\n\t\t\t\t\t\t<\/a>\t\t\n<style>\n#image_1277098244 {\n  width: 100%;\n}\n<\/style>\n\t<\/div>\n\t\n<\/div><\/div>\n<div class=\"col grid-col large-3 grid-col-1-2\" ><div class=\"col-inner\">\n\t<div class=\"img has-hover x md-x lg-x y md-y lg-y\" id=\"image_1082575342\">\n\t\t<a class=\"image-lightbox lightbox-gallery\" title=\"\" href=\"https:\/\/www.xuq.es\/grupo_de_alojamiento_turistico\/wp-content\/uploads\/2021\/02\/9887-1024x576.jpeg\">\t\t\t\t\t\t<div class=\"img-inner dark\" >\n\t\t\t<img loading=\"lazy\" decoding=\"async\" width=\"1200\" height=\"675\" src=\"https:\/\/www.xuq.es\/grupo_de_alojamiento_turistico\/wp-content\/uploads\/2021\/02\/9887.jpeg\" class=\"attachment-original size-original\" alt=\"\" srcset=\"https:\/\/www.xuq.es\/grupo_de_alojamiento_turistico\/wp-content\/uploads\/2021\/02\/9887.jpeg 1200w, https:\/\/www.xuq.es\/grupo_de_alojamiento_turistico\/wp-content\/uploads\/2021\/02\/9887-300x169.jpeg 300w, https:\/\/www.xuq.es\/grupo_de_alojamiento_turistico\/wp-content\/uploads\/2021\/02\/9887-1024x576.jpeg 1024w, https:\/\/www.xuq.es\/grupo_de_alojamiento_turistico\/wp-content\/uploads\/2021\/02\/9887-768x432.jpeg 768w, https:\/\/www.xuq.es\/grupo_de_alojamiento_turistico\/wp-content\/uploads\/2021\/02\/9887-247x139.jpeg 247w, https:\/\/www.xuq.es\/grupo_de_alojamiento_turistico\/wp-content\/uploads\/2021\/02\/9887-510x287.jpeg 510w\" sizes=\"auto, (max-width: 1200px) 100vw, 1200px\" \/>\t\t\t\t\t\t\n\t\t\t\t\t<\/div>\n\t\t\t\t\t\t<\/a>\t\t\n<style>\n#image_1082575342 {\n  width: 100%;\n}\n<\/style>\n\t<\/div>\n\t\n<\/div><\/div>\n<div class=\"col grid-col large-3 grid-col-1-2\" ><div class=\"col-inner\">\n\t<div class=\"img has-hover x md-x lg-x y md-y lg-y\" id=\"image_1820485909\">\n\t\t<a class=\"image-lightbox lightbox-gallery\" title=\"\" href=\"https:\/\/www.xuq.es\/grupo_de_alojamiento_turistico\/wp-content\/uploads\/2021\/02\/CU756453-1024x682.jpg\">\t\t\t\t\t\t<div class=\"img-inner dark\" >\n\t\t\t<img loading=\"lazy\" decoding=\"async\" width=\"1280\" height=\"853\" src=\"https:\/\/www.xuq.es\/grupo_de_alojamiento_turistico\/wp-content\/uploads\/2021\/02\/CU756453.jpg\" class=\"attachment-original size-original\" alt=\"\" srcset=\"https:\/\/www.xuq.es\/grupo_de_alojamiento_turistico\/wp-content\/uploads\/2021\/02\/CU756453.jpg 1280w, https:\/\/www.xuq.es\/grupo_de_alojamiento_turistico\/wp-content\/uploads\/2021\/02\/CU756453-300x200.jpg 300w, https:\/\/www.xuq.es\/grupo_de_alojamiento_turistico\/wp-content\/uploads\/2021\/02\/CU756453-1024x682.jpg 1024w, https:\/\/www.xuq.es\/grupo_de_alojamiento_turistico\/wp-content\/uploads\/2021\/02\/CU756453-768x512.jpg 768w, https:\/\/www.xuq.es\/grupo_de_alojamiento_turistico\/wp-content\/uploads\/2021\/02\/CU756453-247x165.jpg 247w, https:\/\/www.xuq.es\/grupo_de_alojamiento_turistico\/wp-content\/uploads\/2021\/02\/CU756453-510x340.jpg 510w\" sizes=\"auto, (max-width: 1280px) 100vw, 1280px\" \/>\t\t\t\t\t\t\n\t\t\t\t\t<\/div>\n\t\t\t\t\t\t<\/a>\t\t\n<style>\n#image_1820485909 {\n  width: 100%;\n}\n<\/style>\n\t<\/div>\n\t\n<\/div><\/div>\n            <\/div>\n    <style>\n    #banner-grid-612210613 .grid-col-1{height: 600px}\n    #banner-grid-612210613 .grid-col-1-2{height: 300px}\n    #banner-grid-612210613 .grid-col-1-3{height:200px}\n    #banner-grid-612210613 .grid-col-2-3{height: 400px}\n    #banner-grid-612210613 .grid-col-1-4{height: 150px}\n    #banner-grid-612210613 .grid-col-3-4{height: 450px}\n\n\n    \n    \n\n  <\/style>\n    <\/div>\n  \n\n\t<section class=\"section\" id=\"section_761000041\">\n\t\t<div class=\"section-bg fill\" >\n\t\t\t\t\t\t\t\t\t\n\t\t\t\n\t<div class=\"is-border\"\n\t\tstyle=\"border-width:0px 0px 0px 0px;margin:0px 0px 0px 0px;\">\n\t<\/div>\n\n\t\t<\/div>\n\n\t\t\n\n\t\t<div class=\"section-content relative\">\n\t\t\t\n<div class=\"row\"  id=\"row-1963729864\">\n\n\t<div id=\"col-271714018\" class=\"col small-12 large-12\"  >\n\t\t\t\t<div class=\"col-inner text-center\"  >\n\t\t\t\n\t\t\t\n<p>PUEBLOS RECOMENDADOS POR DESCUBRIR EN LA PROVINCIA DESDE XUQ LOMAS DE RUVIRA:<\/p>\n\t\t<\/div>\n\t\t\t\t\n<style>\n#col-271714018 > .col-inner {\n  margin: 0px 0px -24px 0px;\n}\n<\/style>\n\t<\/div>\n\n\t\n\n<style>\n#row-1963729864 > .col > .col-inner {\n  padding: 0px 0px 0px 0px;\n}\n<\/style>\n<\/div>\n<div class=\"row\"  id=\"row-958049063\">\n\n\t<div id=\"col-300583196\" class=\"col medium-4 small-12 large-4\"  >\n\t\t\t\t<div class=\"col-inner\"  >\n\t\t\t\n\t\t\t\n<ul>\n<li><span style=\"font-size: 85%;\">TARAZONA DE LA MANCHA<img loading=\"lazy\" decoding=\"async\" class=\"alignnonewp-image-2213\" src=\"https:\/\/www.publiciti.es\/grupo_de_alojamiento_turistico\/wp-content\/uploads\/2021\/02\/552.png\" alt=\"\" width=\"18\" height=\"15\" \/> 42KM<\/span><\/li>\n<li><span style=\"font-size: 85%;\">VILLALGORDO DEL J\u00daCAR <img loading=\"lazy\" decoding=\"async\" class=\"alignnonewp-image-2213\" src=\"https:\/\/www.publiciti.es\/grupo_de_alojamiento_turistico\/wp-content\/uploads\/2021\/02\/552.png\" alt=\"\" width=\"18\" height=\"15\" \/> 56KM<\/span><\/li>\n<li><span style=\"font-size: 85%;\">ALMANSA <img loading=\"lazy\" decoding=\"async\" class=\"alignnonewp-image-2213\" src=\"https:\/\/www.publiciti.es\/grupo_de_alojamiento_turistico\/wp-content\/uploads\/2021\/02\/552.png\" alt=\"\" width=\"18\" height=\"15\" \/> 72KM<\/span><\/li>\n<li><span style=\"font-size: 85%;\">ALARC\u00d3N <span style=\"font-size: 75%;\">(Manchuela Conquense)<\/span> <img loading=\"lazy\" decoding=\"async\" class=\"alignnonewp-image-2213\" src=\"https:\/\/www.publiciti.es\/grupo_de_alojamiento_turistico\/wp-content\/uploads\/2021\/02\/552.png\" alt=\"\" width=\"18\" height=\"15\" \/> 95KM<br \/>\n<\/span><\/li>\n<li><span style=\"font-size: 85%;\">LI\u00c9TOR <img loading=\"lazy\" decoding=\"async\" class=\"alignnonewp-image-2213\" src=\"https:\/\/www.publiciti.es\/grupo_de_alojamiento_turistico\/wp-content\/uploads\/2021\/02\/552.png\" alt=\"\" width=\"18\" height=\"15\" \/> 95KM<\/span><\/li>\n<\/ul>\n\t\t<\/div>\n\t\t\t\t\n<style>\n#col-300583196 > .col-inner {\n  margin: 0px 0px -24px 0px;\n}\n<\/style>\n\t<\/div>\n\n\t\n\n\t<div id=\"col-1886378457\" class=\"col medium-4 small-12 large-4\"  >\n\t\t\t\t<div class=\"col-inner\"  >\n\t\t\t\n\t\t\t\n<ul>\n<li><span style=\"font-size: 85%;\">AYNA <img loading=\"lazy\" decoding=\"async\" class=\"alignnonewp-image-2213\" src=\"https:\/\/www.publiciti.es\/grupo_de_alojamiento_turistico\/wp-content\/uploads\/2021\/02\/552.png\" alt=\"\" width=\"18\" height=\"15\" \/> 103KM<\/span><\/li>\n<li><span style=\"font-size: 85%;\">ALCARAZ <img loading=\"lazy\" decoding=\"async\" class=\"alignnonewp-image-2213\" src=\"https:\/\/www.publiciti.es\/grupo_de_alojamiento_turistico\/wp-content\/uploads\/2021\/02\/552.png\" alt=\"\" width=\"18\" height=\"15\" \/> 120KM<\/span><\/li>\n<li><span style=\"font-size: 85%;\">BOGARRA <img loading=\"lazy\" decoding=\"async\" class=\"alignnonewp-image-2213\" src=\"https:\/\/www.publiciti.es\/grupo_de_alojamiento_turistico\/wp-content\/uploads\/2021\/02\/552.png\" alt=\"\" width=\"18\" height=\"15\" \/> 121KM<\/span><\/li>\n<li><span style=\"font-size: 85%;\">PATERNA DEL MADERA <img loading=\"lazy\" decoding=\"async\" class=\"alignnonewp-image-2213\" src=\"https:\/\/www.publiciti.es\/grupo_de_alojamiento_turistico\/wp-content\/uploads\/2021\/02\/552.png\" alt=\"\" width=\"18\" height=\"15\" \/> 124KM<\/span><\/li>\n<li><span style=\"font-size: 85%;\">ELCHE DE LA SIERRA <img loading=\"lazy\" decoding=\"async\" class=\"alignnonewp-image-2213\" src=\"https:\/\/www.publiciti.es\/grupo_de_alojamiento_turistico\/wp-content\/uploads\/2021\/02\/552.png\" alt=\"\" width=\"18\" height=\"15\" \/> 124KM<\/span><\/li>\n<\/ul>\n\t\t<\/div>\n\t\t\t\t\n<style>\n#col-1886378457 > .col-inner {\n  margin: 0px 0px -24px 0px;\n}\n<\/style>\n\t<\/div>\n\n\t\n\n\t<div id=\"col-99696277\" class=\"col medium-3 small-12 large-3\"  >\n\t\t\t\t<div class=\"col-inner\"  >\n\t\t\t\n\t\t\t\n<ul>\n<li><span style=\"font-size: 85%;\">LETUR <img loading=\"lazy\" decoding=\"async\" class=\"alignnonewp-image-2213\" src=\"https:\/\/www.publiciti.es\/grupo_de_alojamiento_turistico\/wp-content\/uploads\/2021\/02\/552.png\" alt=\"\" width=\"18\" height=\"15\" \/> 140KM<\/span><\/li>\n<li><span style=\"font-size: 85%;\">RI\u00d3PAR <img loading=\"lazy\" decoding=\"async\" class=\"alignnonewp-image-2213\" src=\"https:\/\/www.publiciti.es\/grupo_de_alojamiento_turistico\/wp-content\/uploads\/2021\/02\/552.png\" alt=\"\" width=\"18\" height=\"15\" \/> 161KM<\/span><\/li>\n<li><span style=\"font-size: 85%;\">YESTE <img loading=\"lazy\" decoding=\"async\" class=\"alignnonewp-image-2213\" src=\"https:\/\/www.publiciti.es\/grupo_de_alojamiento_turistico\/wp-content\/uploads\/2021\/02\/552.png\" alt=\"\" width=\"18\" height=\"15\" \/> 166KM<\/span><\/li>\n<li><span style=\"font-size: 85%;\">NERPIO <img loading=\"lazy\" decoding=\"async\" class=\"alignnonewp-image-2213\" src=\"https:\/\/www.publiciti.es\/grupo_de_alojamiento_turistico\/wp-content\/uploads\/2021\/02\/552.png\" alt=\"\" width=\"18\" height=\"15\" \/> 232KM<\/span><\/li>\n<\/ul>\n\t\t<\/div>\n\t\t\t\t\n<style>\n#col-99696277 > .col-inner {\n  margin: 0px 0px -24px 0px;\n}\n<\/style>\n\t<\/div>\n\n\t\n\n<style>\n#row-958049063 > .col > .col-inner {\n  padding: 0px 0px 0px 0px;\n}\n<\/style>\n<\/div>\n\t\t<\/div>\n\n\t\t\n<style>\n#section_761000041 {\n  padding-top: 30px;\n  padding-bottom: 30px;\n  background-color: rgb(255,255,255);\n}\n<\/style>\n\t<\/section>\n\t\n<div class=\"row align-center\"  id=\"row-1168349624\">\n\n\t<div id=\"col-1443125871\" class=\"col small-12 large-12\"  >\n\t\t\t\t<div class=\"col-inner text-center\"  >\n\t\t\t\n\t\t\t\n<a data-animate=\"fadeInLeft\" href=\"https:\/\/www.xuq.es\/grupo_de_alojamiento_turistico\/entorno\/\" class=\"button primary is-gloss\"  >\n\t<i class=\"icon-angle-left\" aria-hidden=\"true\" ><\/i>\t<span>VOLVER A ENTORNO<\/span>\n\t<\/a>\n\n\t\t<\/div>\n\t\t\t\t\t<\/div>\n\n\t\n<\/div>\n","protected":false},"excerpt":{"rendered":"","protected":false},"author":3,"featured_media":0,"parent":0,"menu_order":0,"comment_status":"closed","ping_status":"closed","template":"page-transparent-header-light.php","meta":{"footnotes":""},"class_list":["post-3156","page","type-page","status-publish","hentry"],"_links":{"self":[{"href":"https:\/\/www.xuq.es\/grupo_de_alojamiento_turistico\/wp-json\/wp\/v2\/pages\/3156","targetHints":{"allow":["GET"]}}],"collection":[{"href":"https:\/\/www.xuq.es\/grupo_de_alojamiento_turistico\/wp-json\/wp\/v2\/pages"}],"about":[{"href":"https:\/\/www.xuq.es\/grupo_de_alojamiento_turistico\/wp-json\/wp\/v2\/types\/page"}],"author":[{"embeddable":true,"href":"https:\/\/www.xuq.es\/grupo_de_alojamiento_turistico\/wp-json\/wp\/v2\/users\/3"}],"replies":[{"embeddable":true,"href":"https:\/\/www.xuq.es\/grupo_de_alojamiento_turistico\/wp-json\/wp\/v2\/comments?post=3156"}],"version-history":[{"count":3,"href":"https:\/\/www.xuq.es\/grupo_de_alojamiento_turistico\/wp-json\/wp\/v2\/pages\/3156\/revisions"}],"predecessor-version":[{"id":3218,"href":"https:\/\/www.xuq.es\/grupo_de_alojamiento_turistico\/wp-json\/wp\/v2\/pages\/3156\/revisions\/3218"}],"wp:attachment":[{"href":"https:\/\/www.xuq.es\/grupo_de_alojamiento_turistico\/wp-json\/wp\/v2\/media?parent=3156"}],"curies":[{"name":"wp","href":"https:\/\/api.w.org\/{rel}","templated":true}]}}