{"id":3111,"date":"2021-02-11T21:05:51","date_gmt":"2021-02-11T21:05:51","guid":{"rendered":"https:\/\/www.xuq.es\/grupo_de_alojamiento_turistico\/?page_id=3111"},"modified":"2021-02-11T23:43:09","modified_gmt":"2021-02-11T23:43:09","slug":"alcala-del-jucar","status":"publish","type":"page","link":"https:\/\/www.xuq.es\/grupo_de_alojamiento_turistico\/alcala-del-jucar\/","title":{"rendered":"ALCAL\u00c1 DEL J\u00daCAR"},"content":{"rendered":"<div class=\"slider-wrapper relative\" id=\"slider-1349827462\" >\n    <div class=\"slider slider-nav-circle slider-nav-large slider-nav-light slider-style-normal\"\n        data-flickity-options='{\n            \"cellAlign\": \"center\",\n            \"imagesLoaded\": true,\n            \"lazyLoad\": 1,\n            \"freeScroll\": false,\n            \"wrapAround\": true,\n            \"autoPlay\": 6000,\n            \"pauseAutoPlayOnHover\" : true,\n            \"prevNextButtons\": true,\n            \"contain\" : true,\n            \"adaptiveHeight\" : true,\n            \"dragThreshold\" : 10,\n            \"percentPosition\": true,\n            \"pageDots\": false,\n            \"rightToLeft\": false,\n            \"draggable\": true,\n            \"selectedAttraction\": 0.1,\n            \"parallax\" : 0,\n            \"friction\": 0.6        }'\n        >\n        \n\n  <div class=\"banner has-hover has-slide-effect slide-zoom-in has-parallax\" id=\"banner-587924714\">\n          <div class=\"banner-inner fill\">\n        <div class=\"banner-bg fill\" data-parallax=\"-3\" data-parallax-container=\".banner\" data-parallax-background>\n            <img loading=\"lazy\" decoding=\"async\" width=\"1450\" height=\"768\" src=\"https:\/\/www.xuq.es\/grupo_de_alojamiento_turistico\/wp-content\/uploads\/2021\/02\/ENTORNO-JORQUERA-9.jpg\" class=\"bg\" alt=\"\" srcset=\"https:\/\/www.xuq.es\/grupo_de_alojamiento_turistico\/wp-content\/uploads\/2021\/02\/ENTORNO-JORQUERA-9.jpg 1450w, https:\/\/www.xuq.es\/grupo_de_alojamiento_turistico\/wp-content\/uploads\/2021\/02\/ENTORNO-JORQUERA-9-247x131.jpg 247w, https:\/\/www.xuq.es\/grupo_de_alojamiento_turistico\/wp-content\/uploads\/2021\/02\/ENTORNO-JORQUERA-9-510x270.jpg 510w, https:\/\/www.xuq.es\/grupo_de_alojamiento_turistico\/wp-content\/uploads\/2021\/02\/ENTORNO-JORQUERA-9-300x159.jpg 300w, https:\/\/www.xuq.es\/grupo_de_alojamiento_turistico\/wp-content\/uploads\/2021\/02\/ENTORNO-JORQUERA-9-1024x542.jpg 1024w, https:\/\/www.xuq.es\/grupo_de_alojamiento_turistico\/wp-content\/uploads\/2021\/02\/ENTORNO-JORQUERA-9-768x407.jpg 768w\" sizes=\"auto, (max-width: 1450px) 100vw, 1450px\" \/>                                    \n                    <\/div>\n\t\t\n        <div class=\"banner-layers container\">\n            <div class=\"fill banner-link\"><\/div>            \n   <div id=\"text-box-1380360211\" class=\"text-box banner-layer x50 md-x50 lg-x50 y70 md-y65 lg-y65 res-text\">\n                     <div data-animate=\"bounceIn\">           <div class=\"text-box-content text dark text-shadow-5\">\n              \n              <div class=\"text-inner text-center\">\n                  \n<h2 style=\"text-align: center;\">PUEBLOS HIST\u00d3RICOS<\/h2>\n              <\/div>\n           <\/div>\n       <\/div>                     \n<style>\n#text-box-1380360211 {\n  width: 100%;\n}\n#text-box-1380360211 .text-box-content {\n  font-size: 150%;\n}\n@media (min-width:550px) {\n  #text-box-1380360211 {\n    width: 80%;\n  }\n  #text-box-1380360211 .text-box-content {\n    font-size: 110%;\n  }\n}\n<\/style>\n    <\/div>\n \n        <\/div>\n      <\/div>\n\n            \n<style>\n#banner-587924714 {\n  padding-top: 580px;\n  background-color: rgb(0,0,0);\n}\n#banner-587924714 .overlay {\n  background-color: rgba(0, 0, 0, 0.3);\n}\n#banner-587924714 .banner-bg img {\n  object-position: 49% 41%;\n}\n<\/style>\n  <\/div>\n\n\n     <\/div>\n\n     <div class=\"loading-spin dark large centered\"><\/div>\n\n\t<\/div>\n\n\n\n\t<section class=\"section dark\" id=\"section_1376297601\">\n\t\t<div class=\"section-bg fill\" >\n\t\t\t\t\t\t\t\t\t\n\t\t\t\n\n\t\t<\/div>\n\n\t\t\n\n\t\t<div class=\"section-content relative\">\n\t\t\t\n<div class=\"row\"  id=\"row-103352891\">\n\n\t<div id=\"col-1473382557\" class=\"col small-12 large-12\"  >\n\t\t\t\t<div class=\"col-inner\"  >\n\t\t\t\n\t\t\t\n\t<div id=\"gap-26143359\" class=\"gap-element clearfix\" style=\"display:block; height:auto;\">\n\t\t\n<style>\n#gap-26143359 {\n  padding-top: 30px;\n}\n<\/style>\n\t<\/div>\n\t\n<h1 style=\"text-align: center;\"><span style=\"font-size: 160%;\">ALCAL\u00c1 DEL J\u00daCAR<br \/><\/span><\/h1>\n<h3 style=\"text-align: center;\">La llegada a Alcal\u00e1 del J\u00facar puede ser todo un acontecimiento, es, sin lugar a duda, uno de los pueblos m\u00e1s espectaculares y pintorescos de toda La Manchuela, con sus casas escalonadas en una ladera hasta la cima donde se alza el castillo \u00e1rabe, que da nombre al lugar (\u201cAL-KALA: el castillo) y abrazado por la hoz del J\u00facar.<\/h3>\n<h3 style=\"text-align: center;\">\u00a0<\/h3>\n\t\t<\/div>\n\t\t\t\t\t<\/div>\n\n\t\n<\/div>\n\t\t<\/div>\n\n\t\t\n<style>\n#section_1376297601 {\n  padding-top: 30px;\n  padding-bottom: 30px;\n  background-color: rgb(0,0,0);\n}\n<\/style>\n\t<\/section>\n\t\n\t<div id=\"gap-1841231072\" class=\"gap-element clearfix\" style=\"display:block; height:auto;\">\n\t\t\n<style>\n#gap-1841231072 {\n  padding-top: 48px;\n}\n<\/style>\n\t<\/div>\n\t\n\n\t<section class=\"section\" id=\"section_1420566241\">\n\t\t<div class=\"section-bg fill\" >\n\t\t\t\t\t\t\t\t\t\n\t\t\t\n\n\t\t<\/div>\n\n\t\t\n\n\t\t<div class=\"section-content relative\">\n\t\t\t\n<div class=\"row\"  id=\"row-819970288\">\n\n\t<div id=\"col-1025843361\" class=\"col small-12 large-12\"  >\n\t\t\t\t<div class=\"col-inner\"  >\n\t\t\t\n\t\t\t\n\t<div id=\"gap-644442456\" class=\"gap-element clearfix show-for-small\" style=\"display:block; height:auto;\">\n\t\t\n<style>\n#gap-644442456 {\n  padding-top: 0px;\n}\n@media (min-width:550px) {\n  #gap-644442456 {\n    padding-top: 58px;\n  }\n}\n<\/style>\n\t<\/div>\n\t\n<h1 style=\"text-align: center;\"><span style=\"font-size: 140%;\">ALCAL\u00c1 DEL J\u00daCAR<br \/><\/span><\/h1>\n<h3 style=\"text-align: center;\">Declarado conjunto hist\u00f3rico art\u00edstico, Alcal\u00e1 del J\u00facar fue antiguamente aduana del Camino Real de Castilla a Levante. Hoy, sus empinadas calles, abocadas hacia el r\u00edo, tienen un singular atractivo tur\u00edstico que seduce al primer golpe de vista. Un atractivo al que se unen particularmente alguna de sus cuevas que atraviesan la monta\u00f1a sobre la que se asienta la Hoz del J\u00facar, y que se encuentran abiertas al p\u00fablico. Concretamente, muy cerca de Alcal\u00e1, en una de las paredes verticales de la hoz, se halla la Cueva de Garad\u00e9n, fortificada por los \u00e1rabes y c\u00e9lebre por su funci\u00f3n de vig\u00eda en el Camino Real. De igual modo, merece la pena visitarse la plaza de toros, \u00fanica por su forma irregular y por la creencia de que en su origen pudo ser una lucerna paleocristiana.<\/h3>\n\t<div id=\"gap-669996305\" class=\"gap-element clearfix\" style=\"display:block; height:auto;\">\n\t\t\n<style>\n#gap-669996305 {\n  padding-top: 9px;\n}\n<\/style>\n\t<\/div>\n\t\n\t\t<\/div>\n\t\t\t\t\n<style>\n#col-1025843361 > .col-inner {\n  margin: 0px 0px -38px 0px;\n}\n<\/style>\n\t<\/div>\n\n\t\n<\/div>\n\t\t<\/div>\n\n\t\t\n<style>\n#section_1420566241 {\n  padding-top: 0px;\n  padding-bottom: 0px;\n}\n<\/style>\n\t<\/section>\n\t\n<div class=\"row row-small\"  id=\"row-1864564085\">\n\n\t<div id=\"col-368027632\" class=\"col medium-6 small-12 large-6\"  >\n\t\t\t\t<div class=\"col-inner\"  >\n\t\t\t\n\t\t\t\n\t<div id=\"gap-294486602\" class=\"gap-element clearfix\" style=\"display:block; height:auto;\">\n\t\t\n<style>\n#gap-294486602 {\n  padding-top: 35px;\n}\n<\/style>\n\t<\/div>\n\t\n\t<div class=\"box has-hover   has-hover box-bounce box-text-bottom\" >\n\n\t\t<div class=\"box-image\" >\n\t\t\t\t\t\t<div class=\"image-cover\" style=\"padding-top:300px;\">\n\t\t\t\t<img loading=\"lazy\" decoding=\"async\" width=\"1450\" height=\"768\" src=\"https:\/\/www.xuq.es\/grupo_de_alojamiento_turistico\/wp-content\/uploads\/2021\/02\/ENTORNO-JORQUERA-9.jpg\" class=\"attachment-original size-original\" alt=\"\" srcset=\"https:\/\/www.xuq.es\/grupo_de_alojamiento_turistico\/wp-content\/uploads\/2021\/02\/ENTORNO-JORQUERA-9.jpg 1450w, https:\/\/www.xuq.es\/grupo_de_alojamiento_turistico\/wp-content\/uploads\/2021\/02\/ENTORNO-JORQUERA-9-247x131.jpg 247w, https:\/\/www.xuq.es\/grupo_de_alojamiento_turistico\/wp-content\/uploads\/2021\/02\/ENTORNO-JORQUERA-9-510x270.jpg 510w, https:\/\/www.xuq.es\/grupo_de_alojamiento_turistico\/wp-content\/uploads\/2021\/02\/ENTORNO-JORQUERA-9-300x159.jpg 300w, https:\/\/www.xuq.es\/grupo_de_alojamiento_turistico\/wp-content\/uploads\/2021\/02\/ENTORNO-JORQUERA-9-1024x542.jpg 1024w, https:\/\/www.xuq.es\/grupo_de_alojamiento_turistico\/wp-content\/uploads\/2021\/02\/ENTORNO-JORQUERA-9-768x407.jpg 768w\" sizes=\"auto, (max-width: 1450px) 100vw, 1450px\" \/>\t\t\t\t\t\t\t\t\t\t\t<\/div>\n\t\t\t\t\t<\/div>\n\n\t\t<div class=\"box-text text-center dark\" style=\"background-color:rgb(0, 0, 0);\">\n\t\t\t<div class=\"box-text-inner\">\n\t\t\t\t\n<h1 style=\"text-align: center;\">ALCAL\u00c1 DEL J\u00daCAR<\/h1>\n\t\t\t<\/div>\n\t\t<\/div>\n\t<\/div>\n\t\n\t\t<\/div>\n\t\t\t\t\t<\/div>\n\n\t\n\n\t<div id=\"col-1950401587\" class=\"col medium-6 small-12 large-6\"  >\n\t\t\t\t<div class=\"col-inner\"  >\n\t\t\t\n\t\t\t\n<table class=\"infobox geography vcard\">\n<tbody>\n<tr>\n<th scope=\"row\">\u00a0<\/th>\n<td colspan=\"2\">\u00a0<\/td>\n<\/tr>\n<tr>\n<th scope=\"row\">\u2022\u00a0Provincia<\/th>\n<td colspan=\"2\">\u00a0Albacete<\/td>\n<\/tr>\n<tr>\n<th scope=\"row\">\u2022\u00a0Comarca<\/th>\n<td colspan=\"2\">La Manchuela<\/td>\n<\/tr>\n<tr>\n<th scope=\"row\">\u2022\u00a0Partido\u00a0judicial<\/th>\n<td colspan=\"2\">Casas-Ib\u00e1\u00f1ez<\/td>\n<\/tr>\n<tr>\n<th scope=\"row\">\u2022\u00a0Mancomunidad<\/th>\n<td colspan=\"2\">La Manchuela<\/td>\n<\/tr>\n<tr>\n<th scope=\"row\">Ubicaci\u00f3n<\/th>\n<td colspan=\"2\"><span class=\"plainlinks nourlexpansion\"><span class=\"geo-default\"><span class=\"geo-dms\" title=\"Mapas, fotos y otros datos de 39\u00b011\u203234\u2033N 1\u00b025\u203245\u2033O\"><span class=\"latitude\">39\u00b011\u203234\u2033N <\/span><span class=\"longitude\">1\u00b025\u203245\u2033O<\/span><\/span><\/span><\/span><span id=\"coordinates\"><br \/><\/span><\/td>\n<\/tr>\n<tr>\n<th scope=\"row\">\u2022\u00a0Altitud<\/th>\n<td colspan=\"2\">596 msnm<\/td>\n<\/tr>\n<tr>\n<th scope=\"row\">Superficie<\/th>\n<td colspan=\"2\">146,82\u00a0km\u00b2<\/td>\n<\/tr>\n<tr>\n<th scope=\"row\">Fundaci\u00f3n<\/th>\n<td colspan=\"2\">Al-\u00c1ndalus<\/td>\n<\/tr>\n<tr>\n<th scope=\"row\">Poblaci\u00f3n<\/th>\n<td colspan=\"2\">1194 hab. (2020)<\/td>\n<\/tr>\n<tr>\n<th scope=\"row\">\u2022\u00a0Densidad<\/th>\n<td colspan=\"2\">8,19 hab.\/km\u00b2<\/td>\n<\/tr>\n<tr>\n<th scope=\"row\">Gentilicio<\/th>\n<td colspan=\"2\">alcalae\u00f1o,-\u00f1a<\/td>\n<\/tr>\n<\/tbody>\n<\/table>\n\t\t<\/div>\n\t\t\t\t\t<\/div>\n\n\t\n<\/div>\n\n\t<section class=\"section\" id=\"section_565550755\">\n\t\t<div class=\"section-bg fill\" >\n\t\t\t\t\t\t\t\t\t\n\t\t\t\n\n\t\t<\/div>\n\n\t\t\n\n\t\t<div class=\"section-content relative\">\n\t\t\t\n\t<div id=\"gap-1031613104\" class=\"gap-element clearfix\" style=\"display:block; height:auto;\">\n\t\t\n<style>\n#gap-1031613104 {\n  padding-top: 21px;\n}\n<\/style>\n\t<\/div>\n\t\n<div class=\"row\"  id=\"row-1454686538\">\n\n\t<div id=\"col-871840367\" class=\"col small-12 large-12\"  >\n\t\t\t\t<div class=\"col-inner\"  >\n\t\t\t\n\t\t\t\n\t<div id=\"gap-208489719\" class=\"gap-element clearfix show-for-small\" style=\"display:block; height:auto;\">\n\t\t\n<style>\n#gap-208489719 {\n  padding-top: 0px;\n}\n@media (min-width:550px) {\n  #gap-208489719 {\n    padding-top: 58px;\n  }\n}\n<\/style>\n\t<\/div>\n\t\n<h3 style=\"text-align: center;\">Para disfrutar de unas excelentes vistas, tanto del pueblo como de la hoz, conviene situarse en los miradores existentes en los caminos que conducen a los pueblos aleda\u00f1os como las Casas del Cerro o las Eras de Alcal\u00e1. Como obras arquitect\u00f3nicas de inter\u00e9s destacan la parroquia de S. Andr\u00e9s (s. XVI al XVIII) con p\u00f3rtico de entrada neocl\u00e1sico, el puente sobre el J\u00facar de origen romano y reconstruido en el siglo XVIII, el castillo de origen \u00e1rabe, aunque reformado en la \u00e9poca cristiana, y la Ermita de San Lorenzo (s. XVIII). Continuando la ruta trazada junto al J\u00facar, llegamos a Tolosa, desde aqu\u00ed el paisaje se hace cada vez m\u00e1s agreste, el cauce se estrecha y se convierte en \u201cca\u00f1ones\u201d de una belleza extraordinaria. Llegados a este punto los itinerarios posibles se multiplican. Se pueden recomendar parajes como Las Rochas, el Tranco del Lobo y El Molinar, estos dos \u00faltimos albergan los poblados de dos antiguas centrales hidroel\u00e9ctricas.<\/h3>\n\t\t<\/div>\n\t\t\t\t\n<style>\n#col-871840367 > .col-inner {\n  margin: 0px 0px -38px 0px;\n}\n<\/style>\n\t<\/div>\n\n\t\n<\/div>\n\t<div id=\"gap-1483061972\" class=\"gap-element clearfix\" style=\"display:block; height:auto;\">\n\t\t\n<style>\n#gap-1483061972 {\n  padding-top: 52px;\n}\n<\/style>\n\t<\/div>\n\t\n\t\t<\/div>\n\n\t\t\n<style>\n#section_565550755 {\n  padding-top: 0px;\n  padding-bottom: 0px;\n}\n<\/style>\n\t<\/section>\n\t\n  <div class=\"banner-grid-wrapper\">\n  <div id=\"banner-grid-189690056\" class=\"banner-grid row row-grid row-small row-box-shadow-3\" data-packery-options=\"\">\n                      \n<div class=\"col grid-col large-6 grid-col-1\" ><div class=\"col-inner\">\n\t<div class=\"img has-hover x md-x lg-x y md-y lg-y\" id=\"image_1899081562\">\n\t\t<a class=\"image-lightbox lightbox-gallery\" title=\"\" href=\"https:\/\/www.xuq.es\/grupo_de_alojamiento_turistico\/wp-content\/uploads\/2021\/02\/534456.jpg\">\t\t\t\t\t\t<div class=\"img-inner dark\" >\n\t\t\t<img loading=\"lazy\" decoding=\"async\" width=\"1000\" height=\"750\" src=\"https:\/\/www.xuq.es\/grupo_de_alojamiento_turistico\/wp-content\/uploads\/2021\/02\/534456.jpg\" class=\"attachment-original size-original\" alt=\"\" srcset=\"https:\/\/www.xuq.es\/grupo_de_alojamiento_turistico\/wp-content\/uploads\/2021\/02\/534456.jpg 1000w, https:\/\/www.xuq.es\/grupo_de_alojamiento_turistico\/wp-content\/uploads\/2021\/02\/534456-300x225.jpg 300w, https:\/\/www.xuq.es\/grupo_de_alojamiento_turistico\/wp-content\/uploads\/2021\/02\/534456-768x576.jpg 768w, https:\/\/www.xuq.es\/grupo_de_alojamiento_turistico\/wp-content\/uploads\/2021\/02\/534456-247x185.jpg 247w, https:\/\/www.xuq.es\/grupo_de_alojamiento_turistico\/wp-content\/uploads\/2021\/02\/534456-510x383.jpg 510w\" sizes=\"auto, (max-width: 1000px) 100vw, 1000px\" \/>\t\t\t\t\t\t\n\t\t\t\t\t<\/div>\n\t\t\t\t\t\t<\/a>\t\t\n<style>\n#image_1899081562 {\n  width: 100%;\n}\n<\/style>\n\t<\/div>\n\t\n<\/div><\/div>\n<div class=\"col grid-col large-3 grid-col-1\" ><div class=\"col-inner\">\n\t<div class=\"img has-hover x md-x lg-x y md-y lg-y\" id=\"image_754211134\">\n\t\t<a class=\"image-lightbox lightbox-gallery\" title=\"\" href=\"https:\/\/www.xuq.es\/grupo_de_alojamiento_turistico\/wp-content\/uploads\/2021\/02\/87643.jpg\">\t\t\t\t\t\t<div class=\"img-inner dark\" >\n\t\t\t<img loading=\"lazy\" decoding=\"async\" width=\"700\" height=\"500\" src=\"https:\/\/www.xuq.es\/grupo_de_alojamiento_turistico\/wp-content\/uploads\/2021\/02\/87643.jpg\" class=\"attachment-original size-original\" alt=\"\" srcset=\"https:\/\/www.xuq.es\/grupo_de_alojamiento_turistico\/wp-content\/uploads\/2021\/02\/87643.jpg 700w, https:\/\/www.xuq.es\/grupo_de_alojamiento_turistico\/wp-content\/uploads\/2021\/02\/87643-300x214.jpg 300w, https:\/\/www.xuq.es\/grupo_de_alojamiento_turistico\/wp-content\/uploads\/2021\/02\/87643-247x176.jpg 247w, https:\/\/www.xuq.es\/grupo_de_alojamiento_turistico\/wp-content\/uploads\/2021\/02\/87643-510x364.jpg 510w\" sizes=\"auto, (max-width: 700px) 100vw, 700px\" \/>\t\t\t\t\t\t\n\t\t\t\t\t<\/div>\n\t\t\t\t\t\t<\/a>\t\t\n<style>\n#image_754211134 {\n  width: 100%;\n}\n<\/style>\n\t<\/div>\n\t\n<\/div><\/div>\n<div class=\"col grid-col large-3 grid-col-1-2\" ><div class=\"col-inner\">\n\t<div class=\"img has-hover x md-x lg-x y md-y lg-y\" id=\"image_878630285\">\n\t\t<a class=\"image-lightbox lightbox-gallery\" title=\"\" href=\"https:\/\/www.xuq.es\/grupo_de_alojamiento_turistico\/wp-content\/uploads\/2021\/02\/579.jpg\">\t\t\t\t\t\t<div class=\"img-inner dark\" >\n\t\t\t<img loading=\"lazy\" decoding=\"async\" width=\"700\" height=\"450\" src=\"https:\/\/www.xuq.es\/grupo_de_alojamiento_turistico\/wp-content\/uploads\/2021\/02\/579.jpg\" class=\"attachment-original size-original\" alt=\"\" srcset=\"https:\/\/www.xuq.es\/grupo_de_alojamiento_turistico\/wp-content\/uploads\/2021\/02\/579.jpg 700w, https:\/\/www.xuq.es\/grupo_de_alojamiento_turistico\/wp-content\/uploads\/2021\/02\/579-300x193.jpg 300w, https:\/\/www.xuq.es\/grupo_de_alojamiento_turistico\/wp-content\/uploads\/2021\/02\/579-247x159.jpg 247w, https:\/\/www.xuq.es\/grupo_de_alojamiento_turistico\/wp-content\/uploads\/2021\/02\/579-510x328.jpg 510w\" sizes=\"auto, (max-width: 700px) 100vw, 700px\" \/>\t\t\t\t\t\t\n\t\t\t\t\t<\/div>\n\t\t\t\t\t\t<\/a>\t\t\n<style>\n#image_878630285 {\n  width: 100%;\n}\n<\/style>\n\t<\/div>\n\t\n<\/div><\/div>\n<div class=\"col grid-col large-3 grid-col-1-2\" ><div class=\"col-inner\">\n\t<div class=\"img has-hover x md-x lg-x y md-y lg-y\" id=\"image_540605901\">\n\t\t<a class=\"image-lightbox lightbox-gallery\" title=\"\" href=\"https:\/\/www.xuq.es\/grupo_de_alojamiento_turistico\/wp-content\/uploads\/2021\/02\/5460.jpg\">\t\t\t\t\t\t<div class=\"img-inner dark\" >\n\t\t\t<img loading=\"lazy\" decoding=\"async\" width=\"850\" height=\"567\" src=\"https:\/\/www.xuq.es\/grupo_de_alojamiento_turistico\/wp-content\/uploads\/2021\/02\/5460.jpg\" class=\"attachment-original size-original\" alt=\"\" srcset=\"https:\/\/www.xuq.es\/grupo_de_alojamiento_turistico\/wp-content\/uploads\/2021\/02\/5460.jpg 850w, https:\/\/www.xuq.es\/grupo_de_alojamiento_turistico\/wp-content\/uploads\/2021\/02\/5460-300x200.jpg 300w, https:\/\/www.xuq.es\/grupo_de_alojamiento_turistico\/wp-content\/uploads\/2021\/02\/5460-768x512.jpg 768w, https:\/\/www.xuq.es\/grupo_de_alojamiento_turistico\/wp-content\/uploads\/2021\/02\/5460-247x165.jpg 247w, https:\/\/www.xuq.es\/grupo_de_alojamiento_turistico\/wp-content\/uploads\/2021\/02\/5460-510x340.jpg 510w\" sizes=\"auto, (max-width: 850px) 100vw, 850px\" \/>\t\t\t\t\t\t\n\t\t\t\t\t<\/div>\n\t\t\t\t\t\t<\/a>\t\t\n<style>\n#image_540605901 {\n  width: 100%;\n}\n<\/style>\n\t<\/div>\n\t\n<\/div><\/div>\n            <\/div>\n    <style>\n    #banner-grid-189690056 .grid-col-1{height: 600px}\n    #banner-grid-189690056 .grid-col-1-2{height: 300px}\n    #banner-grid-189690056 .grid-col-1-3{height:200px}\n    #banner-grid-189690056 .grid-col-2-3{height: 400px}\n    #banner-grid-189690056 .grid-col-1-4{height: 150px}\n    #banner-grid-189690056 .grid-col-3-4{height: 450px}\n\n\n    \n    \n\n  <\/style>\n    <\/div>\n  \n\n\t<section class=\"section\" id=\"section_1975662553\">\n\t\t<div class=\"section-bg fill\" >\n\t\t\t\t\t\t\t\t\t\n\t\t\t\n\t<div class=\"is-border\"\n\t\tstyle=\"border-width:0px 0px 0px 0px;margin:0px 0px 0px 0px;\">\n\t<\/div>\n\n\t\t<\/div>\n\n\t\t\n\n\t\t<div class=\"section-content relative\">\n\t\t\t\n<div class=\"row\"  id=\"row-2000764437\">\n\n\t<div id=\"col-1317783640\" class=\"col small-12 large-12\"  >\n\t\t\t\t<div class=\"col-inner text-center\"  >\n\t\t\t\n\t\t\t\n<p>PUEBLOS RECOMENDADOS POR DESCUBRIR EN LA PROVINCIA DESDE XUQ LOMAS DE RUVIRA:<\/p>\n\t\t<\/div>\n\t\t\t\t\n<style>\n#col-1317783640 > .col-inner {\n  margin: 0px 0px -24px 0px;\n}\n<\/style>\n\t<\/div>\n\n\t\n\n<style>\n#row-2000764437 > .col > .col-inner {\n  padding: 0px 0px 0px 0px;\n}\n<\/style>\n<\/div>\n<div class=\"row\"  id=\"row-1147256452\">\n\n\t<div id=\"col-1773323386\" class=\"col medium-4 small-12 large-4\"  >\n\t\t\t\t<div class=\"col-inner\"  >\n\t\t\t\n\t\t\t\n<ul>\n<li><span style=\"font-size: 85%;\">TARAZONA DE LA MANCHA<img loading=\"lazy\" decoding=\"async\" class=\"alignnonewp-image-2213\" src=\"https:\/\/www.publiciti.es\/grupo_de_alojamiento_turistico\/wp-content\/uploads\/2021\/02\/552.png\" alt=\"\" width=\"18\" height=\"15\" \/> 42KM<\/span><\/li>\n<li><span style=\"font-size: 85%;\">VILLALGORDO DEL J\u00daCAR <img loading=\"lazy\" decoding=\"async\" class=\"alignnonewp-image-2213\" src=\"https:\/\/www.publiciti.es\/grupo_de_alojamiento_turistico\/wp-content\/uploads\/2021\/02\/552.png\" alt=\"\" width=\"18\" height=\"15\" \/> 56KM<\/span><\/li>\n<li><span style=\"font-size: 85%;\">ALMANSA <img loading=\"lazy\" decoding=\"async\" class=\"alignnonewp-image-2213\" src=\"https:\/\/www.publiciti.es\/grupo_de_alojamiento_turistico\/wp-content\/uploads\/2021\/02\/552.png\" alt=\"\" width=\"18\" height=\"15\" \/> 72KM<\/span><\/li>\n<li><span style=\"font-size: 85%;\">ALARC\u00d3N <span style=\"font-size: 75%;\">(Manchuela Conquense)<\/span> <img loading=\"lazy\" decoding=\"async\" class=\"alignnonewp-image-2213\" src=\"https:\/\/www.publiciti.es\/grupo_de_alojamiento_turistico\/wp-content\/uploads\/2021\/02\/552.png\" alt=\"\" width=\"18\" height=\"15\" \/> 95KM<br \/>\n<\/span><\/li>\n<li><span style=\"font-size: 85%;\">LI\u00c9TOR <img loading=\"lazy\" decoding=\"async\" class=\"alignnonewp-image-2213\" src=\"https:\/\/www.publiciti.es\/grupo_de_alojamiento_turistico\/wp-content\/uploads\/2021\/02\/552.png\" alt=\"\" width=\"18\" height=\"15\" \/> 95KM<\/span><\/li>\n<\/ul>\n\t\t<\/div>\n\t\t\t\t\n<style>\n#col-1773323386 > .col-inner {\n  margin: 0px 0px -24px 0px;\n}\n<\/style>\n\t<\/div>\n\n\t\n\n\t<div id=\"col-455739000\" class=\"col medium-4 small-12 large-4\"  >\n\t\t\t\t<div class=\"col-inner\"  >\n\t\t\t\n\t\t\t\n<ul>\n<li><span style=\"font-size: 85%;\">AYNA <img loading=\"lazy\" decoding=\"async\" class=\"alignnonewp-image-2213\" src=\"https:\/\/www.publiciti.es\/grupo_de_alojamiento_turistico\/wp-content\/uploads\/2021\/02\/552.png\" alt=\"\" width=\"18\" height=\"15\" \/> 103KM<\/span><\/li>\n<li><span style=\"font-size: 85%;\">ALCARAZ <img loading=\"lazy\" decoding=\"async\" class=\"alignnonewp-image-2213\" src=\"https:\/\/www.publiciti.es\/grupo_de_alojamiento_turistico\/wp-content\/uploads\/2021\/02\/552.png\" alt=\"\" width=\"18\" height=\"15\" \/> 120KM<\/span><\/li>\n<li><span style=\"font-size: 85%;\">BOGARRA <img loading=\"lazy\" decoding=\"async\" class=\"alignnonewp-image-2213\" src=\"https:\/\/www.publiciti.es\/grupo_de_alojamiento_turistico\/wp-content\/uploads\/2021\/02\/552.png\" alt=\"\" width=\"18\" height=\"15\" \/> 121KM<\/span><\/li>\n<li><span style=\"font-size: 85%;\">PATERNA DEL MADERA <img loading=\"lazy\" decoding=\"async\" class=\"alignnonewp-image-2213\" src=\"https:\/\/www.publiciti.es\/grupo_de_alojamiento_turistico\/wp-content\/uploads\/2021\/02\/552.png\" alt=\"\" width=\"18\" height=\"15\" \/> 124KM<\/span><\/li>\n<li><span style=\"font-size: 85%;\">ELCHE DE LA SIERRA <img loading=\"lazy\" decoding=\"async\" class=\"alignnonewp-image-2213\" src=\"https:\/\/www.publiciti.es\/grupo_de_alojamiento_turistico\/wp-content\/uploads\/2021\/02\/552.png\" alt=\"\" width=\"18\" height=\"15\" \/> 124KM<\/span><\/li>\n<\/ul>\n\t\t<\/div>\n\t\t\t\t\n<style>\n#col-455739000 > .col-inner {\n  margin: 0px 0px -24px 0px;\n}\n<\/style>\n\t<\/div>\n\n\t\n\n\t<div id=\"col-1672956449\" class=\"col medium-3 small-12 large-3\"  >\n\t\t\t\t<div class=\"col-inner\"  >\n\t\t\t\n\t\t\t\n<ul>\n<li><span style=\"font-size: 85%;\">LETUR <img loading=\"lazy\" decoding=\"async\" class=\"alignnonewp-image-2213\" src=\"https:\/\/www.publiciti.es\/grupo_de_alojamiento_turistico\/wp-content\/uploads\/2021\/02\/552.png\" alt=\"\" width=\"18\" height=\"15\" \/> 140KM<\/span><\/li>\n<li><span style=\"font-size: 85%;\">RI\u00d3PAR <img loading=\"lazy\" decoding=\"async\" class=\"alignnonewp-image-2213\" src=\"https:\/\/www.publiciti.es\/grupo_de_alojamiento_turistico\/wp-content\/uploads\/2021\/02\/552.png\" alt=\"\" width=\"18\" height=\"15\" \/> 161KM<\/span><\/li>\n<li><span style=\"font-size: 85%;\">YESTE <img loading=\"lazy\" decoding=\"async\" class=\"alignnonewp-image-2213\" src=\"https:\/\/www.publiciti.es\/grupo_de_alojamiento_turistico\/wp-content\/uploads\/2021\/02\/552.png\" alt=\"\" width=\"18\" height=\"15\" \/> 166KM<\/span><\/li>\n<li><span style=\"font-size: 85%;\">NERPIO <img loading=\"lazy\" decoding=\"async\" class=\"alignnonewp-image-2213\" src=\"https:\/\/www.publiciti.es\/grupo_de_alojamiento_turistico\/wp-content\/uploads\/2021\/02\/552.png\" alt=\"\" width=\"18\" height=\"15\" \/> 232KM<\/span><\/li>\n<\/ul>\n\t\t<\/div>\n\t\t\t\t\n<style>\n#col-1672956449 > .col-inner {\n  margin: 0px 0px -24px 0px;\n}\n<\/style>\n\t<\/div>\n\n\t\n\n<style>\n#row-1147256452 > .col > .col-inner {\n  padding: 0px 0px 0px 0px;\n}\n<\/style>\n<\/div>\n\t\t<\/div>\n\n\t\t\n<style>\n#section_1975662553 {\n  padding-top: 30px;\n  padding-bottom: 30px;\n  background-color: rgb(255,255,255);\n}\n<\/style>\n\t<\/section>\n\t\n<div class=\"row align-center\"  id=\"row-1563925251\">\n\n\t<div id=\"col-775985259\" class=\"col small-12 large-12\"  >\n\t\t\t\t<div class=\"col-inner text-center\"  >\n\t\t\t\n\t\t\t\n<a data-animate=\"fadeInLeft\" href=\"https:\/\/www.xuq.es\/grupo_de_alojamiento_turistico\/entorno\/\" class=\"button primary is-gloss\"  >\n\t<i class=\"icon-angle-left\" aria-hidden=\"true\" ><\/i>\t<span>VOLVER A ENTORNO<\/span>\n\t<\/a>\n\n\t\t<\/div>\n\t\t\t\t\t<\/div>\n\n\t\n<\/div>\n","protected":false},"excerpt":{"rendered":"","protected":false},"author":3,"featured_media":0,"parent":0,"menu_order":0,"comment_status":"closed","ping_status":"closed","template":"page-single-page-nav-transparent-light.php","meta":{"footnotes":""},"class_list":["post-3111","page","type-page","status-publish","hentry"],"_links":{"self":[{"href":"https:\/\/www.xuq.es\/grupo_de_alojamiento_turistico\/wp-json\/wp\/v2\/pages\/3111","targetHints":{"allow":["GET"]}}],"collection":[{"href":"https:\/\/www.xuq.es\/grupo_de_alojamiento_turistico\/wp-json\/wp\/v2\/pages"}],"about":[{"href":"https:\/\/www.xuq.es\/grupo_de_alojamiento_turistico\/wp-json\/wp\/v2\/types\/page"}],"author":[{"embeddable":true,"href":"https:\/\/www.xuq.es\/grupo_de_alojamiento_turistico\/wp-json\/wp\/v2\/users\/3"}],"replies":[{"embeddable":true,"href":"https:\/\/www.xuq.es\/grupo_de_alojamiento_turistico\/wp-json\/wp\/v2\/comments?post=3111"}],"version-history":[{"count":3,"href":"https:\/\/www.xuq.es\/grupo_de_alojamiento_turistico\/wp-json\/wp\/v2\/pages\/3111\/revisions"}],"predecessor-version":[{"id":3239,"href":"https:\/\/www.xuq.es\/grupo_de_alojamiento_turistico\/wp-json\/wp\/v2\/pages\/3111\/revisions\/3239"}],"wp:attachment":[{"href":"https:\/\/www.xuq.es\/grupo_de_alojamiento_turistico\/wp-json\/wp\/v2\/media?parent=3111"}],"curies":[{"name":"wp","href":"https:\/\/api.w.org\/{rel}","templated":true}]}}