{"id":1673,"date":"2021-02-05T23:17:39","date_gmt":"2021-02-05T23:17:39","guid":{"rendered":"https:\/\/www.publiciti.es\/grupo_de_alojamiento_turistico\/?page_id=1673"},"modified":"2026-01-30T07:46:47","modified_gmt":"2026-01-30T07:46:47","slug":"politica-de-privacidad","status":"publish","type":"page","link":"https:\/\/www.xuq.es\/grupo_de_alojamiento_turistico\/politica-de-privacidad\/","title":{"rendered":"POL\u00cdTICA DE PRIVACIDAD"},"content":{"rendered":"<div class=\"row\"  id=\"row-610065627\">\n\n\t<div id=\"col-1063107070\" class=\"col small-12 large-12\"  >\n\t\t\t\t<div class=\"col-inner\"  >\n\t\t\t\n\t\t\t\n\t<div id=\"gap-575463187\" class=\"gap-element clearfix\" style=\"display:block; height:auto;\">\n\t\t\n<style>\n#gap-575463187 {\n  padding-top: 50px;\n}\n<\/style>\n\t<\/div>\n\t\n<h1><span style=\"font-size: 100%;\">POL\u00cdTICA DE PRIVACIDAD \u00abSUS DATOS SEGUROS\u00bb<br \/><\/span><\/h1>\n<div id=\"text-block-7\" class=\"mk-text-block\">\n<div class=\"wrapper\">\n<div class=\"container page-standard-width\">\n<div id=\"nz-content\" class=\"content nz-clearfix padding-true\">\n<div id=\"post-297\" class=\"post-297 page type-page status-publish hentry\">\n<section class=\"page-content nz-clearfix\">\n<div class=\"description\">\n<p><strong>Informaci\u00f3n en cumplimiento de la normativa de protecci\u00f3n de datos personales.<\/strong><br \/>En Europa y en Espa\u00f1a existen normas de protecci\u00f3n de datos pensadas para proteger su informaci\u00f3n personal de obligado cumplimiento para nuestra entidad.<br \/>Por ello, es muy importante para nosotros que entienda perfectamente qu\u00e9 vamos a hacer con los datos personales que le pedimos.<br \/>As\u00ed, seremos transparentes y le daremos el control de sus datos, con un lenguaje sencillo y opciones claras que le permitir\u00e1n decidir qu\u00e9 haremos con su informaci\u00f3n personal.<br \/>Por favor, si una vez le\u00edda la presente informaci\u00f3n le queda alguna duda, no dude en preguntarnos.<br \/>Muchas gracias por su colaboraci\u00f3n.<\/p>\n<p><strong>\u00bfQui\u00e9nes somos?<\/strong><br \/>Nuestra denominaci\u00f3n: <strong>XUQ GRUPO DE ALOJAMIENTO TURISTICO, SL<\/strong><br \/>Nuestro CIF \/ NIF: <strong>B02599231<\/strong><br \/>Nuestra actividad principal: <strong>Alojamientos tur\u00edsticos extrahoteleros<\/strong><br \/>Nuestra direcci\u00f3n:<strong> Marqu\u00e9s de Molins, 19, 1\u00ba, 02001 (Albacete).<\/strong><br \/>Nuestro tel\u00e9fono de contacto: <strong>653 755 458<\/strong><br \/>Nuestra direcci\u00f3n de correo electr\u00f3nico de contacto: <strong>info@xuq.es<\/strong><br \/>Nuestra p\u00e1gina web: <strong>www.xuq.es<\/strong><\/p>\n<p>Nuestra actividad principal est\u00e1 sujeta a un r\u00e9gimen de autorizaci\u00f3n administrativa previa. Para su confianza y seguridad, le facilitamos los datos relativos a dicha autorizaci\u00f3n y los identificativos del \u00f3rgano competente de nuestra supervisi\u00f3n: <strong>Registro Mercantil de Albacete, Tomo 987, Libro 751, Folio 185, Secci\u00f3n 8, Hoja AB 26410<\/strong><br \/>Estamos a su disposici\u00f3n, no dude en contactar con nosotros.<\/p>\n<p><strong>\u00bfPara qu\u00e9 vamos a usar sus datos?<\/strong><br \/>Con car\u00e1cter general, sus datos personales ser\u00e1n usados para poder relacionarnos con usted y poder prestarle nuestros servicios, incluyendo tambi\u00e9n el comercio electr\u00f3nico, tambi\u00e9n conocido como e-commerce, consistente en la compra y venta de productos o de servicios a trav\u00e9s de medios electr\u00f3nicos.<br \/>Los datos personales que nos facilite a trav\u00e9s de los formularios de demanda de empleo, as\u00ed como los incluidos en su curr\u00edculum, \u00fanicamente ser\u00e1n utilizados para que usted participe en los distintos procesos de selecci\u00f3n que organicemos.<br \/>Asimismo, tambi\u00e9n pueden ser usados para otras actividades, como enviarle publicidad o promocionar nuestras actividades.<\/p>\n<p><strong>\u00bfPor qu\u00e9 necesitamos usar sus datos?<\/strong><br \/>Sus datos personales son necesarios para poder relacionarnos con usted y poder prestarle nuestros servicios, incluidos los de comercio electr\u00f3nico. En este sentido, pondremos a su disposici\u00f3n una serie de casillas que le permitir\u00e1n decidir de manera clara y sencilla sobre el uso de su informaci\u00f3n personal.<br \/>Toda la informaci\u00f3n que le requerimos ser\u00e1 utilizada para contribuir al correcto desenvolvimiento de la relaci\u00f3n de compraventa de productos que nos une con usted. Datos tales como direcciones o n\u00fameros de tel\u00e9fono, que en principio parecen no estar relacionados con la actividad de comercio electr\u00f3nico, ser\u00e1n utilizados \u00fanicamente para asegurarnos de que pueda disfrutar de los productos adquiridos a trav\u00e9s de este sitio web.<br \/>La informaci\u00f3n que nos proporcione deber\u00e1 ser veraz para que los servicios de comercio electr\u00f3nico puedan prestarse de manera coherente y efectiva. Ser\u00eda interesante, adem\u00e1s, que actualice en todo momento la informaci\u00f3n que nos proporcione para evitar errores o confusiones futuras que puedan quebrar la correcta prestaci\u00f3n de servicios.<\/p>\n<p><strong>\u00bfQui\u00e9n va a conocer la informaci\u00f3n que le pedimos?<\/strong><br \/>Con car\u00e1cter general, s\u00f3lo el personal de nuestra entidad que est\u00e9 debidamente autorizado podr\u00e1 tener conocimiento de la informaci\u00f3n que le pedimos.<br \/>De igual modo, podr\u00e1n tener conocimiento de su informaci\u00f3n personal aquellas entidades que necesiten tener acceso a la misma para que podamos prestarle nuestros servicios. As\u00ed por ejemplo, nuestro banco conocer\u00e1 sus datos si el pago de nuestros servicios se realiza mediante tarjeta o transferencia bancaria.<br \/>Asimismo, tendr\u00e1n conocimiento de su informaci\u00f3n aquellas entidades p\u00fablicas o privadas a las cuales estemos obligados a facilitar sus datos personales con motivo del cumplimiento de alguna ley. Poni\u00e9ndole un ejemplo, la Ley Tributaria obliga a facilitar a la Agencia Tributaria determinada informaci\u00f3n sobre operaciones econ\u00f3micas que superen una determinada cantidad.<br \/>En el caso de que, al margen de los supuestos comentados, necesitemos dar a conocer su informaci\u00f3n personal a otras entidades, le solicitaremos previamente su permiso a trav\u00e9s de opciones claras que le permitir\u00e1n decidir a este respecto.<\/p>\n<p><strong>\u00bfC\u00f3mo vamos a proteger sus datos?<\/strong><br \/>Protegeremos sus datos con medidas de seguridad eficaces en funci\u00f3n de los riesgos que conlleve el uso de su informaci\u00f3n.<br \/>Para ello, nuestra entidad ha aprobado una Pol\u00edtica de Protecci\u00f3n de Datos y se realizan controles y auditor\u00edas anuales para verificar que sus datos personales est\u00e1n seguros en todo momento.<\/p>\n<p><strong>\u00bfEnviaremos sus datos a otros pa\u00edses?<\/strong><br \/>En el mundo hay pa\u00edses que son seguros para sus datos y otros que no lo son tanto. As\u00ed por ejemplo, la Uni\u00f3n Europea es un entorno seguro para sus datos. Nuestra pol\u00edtica es no enviar su informaci\u00f3n personal a ning\u00fan pa\u00eds que no sea seguro desde el punto de vista de la protecci\u00f3n de sus datos.<br \/>En el caso de que, con motivo de prestarle el servicio, sea imprescindible enviar sus datos a un pa\u00eds que no sea tan seguro como Espa\u00f1a, siempre le solicitaremos previamente su permiso y aplicaremos medidas de seguridad eficaces que reduzcan los riesgos del env\u00edo de su informaci\u00f3n personal a otro pa\u00eds.<\/p>\n<p><strong>\u00bfDurante cu\u00e1nto tiempo vamos a conservar sus datos?<\/strong><br \/>Conservaremos sus datos durante nuestra relaci\u00f3n y mientras nos obliguen las leyes. Una vez finalizados los plazos legales aplicables, procederemos a eliminarlos de forma segura y respetuosa con el medio ambiente.<\/p>\n<p>Sus datos personales facilitados para la presentaci\u00f3n de la solicitud de empleo o candidatura al proceso de selecci\u00f3n de personal se conservar\u00e1n durante el plazo de un a\u00f1o a contar desde su presentaci\u00f3n. Una vez finalizado dicho plazo, procederemos a eliminarlos de forma segura<\/p>\n<p><strong>\u00bfCu\u00e1les son sus derechos de protecci\u00f3n de datos?<\/strong><br \/>En cualquier momento puede dirigirse a nosotros para saber qu\u00e9 informaci\u00f3n tenemos sobre usted, rectificarla si fuese incorrecta y eliminarla una vez finalizada nuestra relaci\u00f3n, en el caso de que ello sea legalmente posible. <br \/>Tambi\u00e9n tiene derecho a solicitar el traspaso de su informaci\u00f3n a otra entidad. Este derecho se llama \u201cportabilidad\u201d y puede ser \u00fatil en determinadas situaciones.<br \/>Para solicitar alguno de estos derechos, deber\u00e1 realizar una solicitud escrita a nuestra direcci\u00f3n, junto con una fotocopia de su DNI, para poder identificarle. <br \/>En las oficinas de nuestra entidad disponemos de formularios espec\u00edficos para solicitar dichos derechos y le ofrecemos nuestra ayuda para su cumplimentaci\u00f3n.<br \/>Para saber m\u00e1s sobre sus derechos de protecci\u00f3n de datos, puede consultar la p\u00e1gina web de la Agencia Espa\u00f1ola de Protecci\u00f3n de Datos (www.agpd.es).<\/p>\n<p><strong>\u00bfPuede retirar su consentimiento si cambia de opini\u00f3n en un momento posterior?<\/strong><br \/>Usted puede retirar su consentimiento si cambia de opini\u00f3n sobre el uso de sus datos en cualquier momento. <br \/>As\u00ed por ejemplo, si usted en su d\u00eda estuvo interesado\/a en recibir publicidad de nuestros productos o servicios, pero ya no desea recibir m\u00e1s publicidad, puede hac\u00e9rnoslo constar a trav\u00e9s del formulario de oposici\u00f3n al tratamiento disponible en las oficinas de nuestra entidad.<\/p>\n<p><strong>En caso de que entienda que sus derechos han sido desatendidos, \u00bfD\u00f3nde puede formular una reclamaci\u00f3n?<\/strong><br \/>En caso de que entienda que sus derechos han sido desatendidos por nuestra entidad, puede formular una reclamaci\u00f3n en la Agencia Espa\u00f1ola de Protecci\u00f3n de Datos, a trav\u00e9s de alguno de los medios siguientes:<br \/>o Sede electr\u00f3nica: www.agpd.es<br \/>o Direcci\u00f3n postal:<br \/>Agencia Espa\u00f1ola de Protecci\u00f3n de Datos <br \/>C\/ Jorge Juan, 6<br \/>28001-Madrid <br \/>o V\u00eda telef\u00f3nica:<br \/>Telf. 901 100 099 <br \/>Telf. 91 266 35 17<br \/>Formular una reclamaci\u00f3n en la Agencia Espa\u00f1ola de Protecci\u00f3n de Datos no conlleva ning\u00fan coste y no es necesaria la asistencia de abogado ni procurador.<\/p>\n<p><strong>\u00bfElaboraremos perfiles sobre usted?<\/strong><br \/>Nuestra pol\u00edtica es no elaborar perfiles sobre los usuarios de nuestros servicios.<br \/>No obstante, pueden existir situaciones en las que, con fines de prestaci\u00f3n del servicio, comerciales o de otro tipo, necesitemos elaborar perfiles de informaci\u00f3n sobre usted. Un ejemplo pudiera ser la utilizaci\u00f3n de su historial de compras o servicios para poder ofrecerle productos o servicios adaptados a sus gustos o necesidades.<br \/>En tal caso, aplicaremos medidas de seguridad eficaces que protejan su informaci\u00f3n en todo momento de personas no autorizadas que pretendan utilizarla en su propio beneficio.<\/p>\n<p><strong>\u00bfUsaremos sus datos para otros fines?<\/strong><br \/>Nuestra pol\u00edtica es no usar sus datos para otras finalidades distintas a las que le hemos explicado. Si, no obstante, necesit\u00e1semos usar sus datos para actividades distintas, siempre le solicitaremos previamente su permiso a trav\u00e9s de opciones claras que le permitir\u00e1n decidir al respecto.<\/p>\n<\/div>\n<\/section>\n<\/div>\n<\/div>\n<\/div>\n<\/div>\n<\/div>\n\t\t<\/div>\n\t\t\t\t\t<\/div>\n\n\t\n<\/div>\n\n  <div class=\"banner has-hover show-for-medium\" id=\"banner-23086963\">\n          <div class=\"banner-inner fill\">\n        <div class=\"banner-bg fill\" >\n                                                \n                    <\/div>\n\t\t\n        <div class=\"banner-layers container\">\n            <div class=\"fill banner-link\"><\/div>            \n        <\/div>\n      <\/div>\n\n            \n<style>\n#banner-23086963 {\n  padding-top: 40px;\n}\n<\/style>\n  <\/div>\n\n\n","protected":false},"excerpt":{"rendered":"","protected":false},"author":1,"featured_media":0,"parent":0,"menu_order":0,"comment_status":"closed","ping_status":"closed","template":"page-blank.php","meta":{"footnotes":""},"class_list":["post-1673","page","type-page","status-publish","hentry"],"_links":{"self":[{"href":"https:\/\/www.xuq.es\/grupo_de_alojamiento_turistico\/wp-json\/wp\/v2\/pages\/1673","targetHints":{"allow":["GET"]}}],"collection":[{"href":"https:\/\/www.xuq.es\/grupo_de_alojamiento_turistico\/wp-json\/wp\/v2\/pages"}],"about":[{"href":"https:\/\/www.xuq.es\/grupo_de_alojamiento_turistico\/wp-json\/wp\/v2\/types\/page"}],"author":[{"embeddable":true,"href":"https:\/\/www.xuq.es\/grupo_de_alojamiento_turistico\/wp-json\/wp\/v2\/users\/1"}],"replies":[{"embeddable":true,"href":"https:\/\/www.xuq.es\/grupo_de_alojamiento_turistico\/wp-json\/wp\/v2\/comments?post=1673"}],"version-history":[{"count":3,"href":"https:\/\/www.xuq.es\/grupo_de_alojamiento_turistico\/wp-json\/wp\/v2\/pages\/1673\/revisions"}],"predecessor-version":[{"id":6278,"href":"https:\/\/www.xuq.es\/grupo_de_alojamiento_turistico\/wp-json\/wp\/v2\/pages\/1673\/revisions\/6278"}],"wp:attachment":[{"href":"https:\/\/www.xuq.es\/grupo_de_alojamiento_turistico\/wp-json\/wp\/v2\/media?parent=1673"}],"curies":[{"name":"wp","href":"https:\/\/api.w.org\/{rel}","templated":true}]}}